{"id":918,"date":"2022-08-23T15:39:18","date_gmt":"2022-08-23T15:39:18","guid":{"rendered":"https:\/\/weblearnbd.net\/wp\/bioxlab\/?page_id=918"},"modified":"2023-05-04T15:28:01","modified_gmt":"2023-05-04T15:28:01","slug":"formation-continue","status":"publish","type":"page","link":"https:\/\/indianajos.lu\/?page_id=918","title":{"rendered":"Formation continue"},"content":{"rendered":"\t\t<div data-elementor-type=\"wp-page\" data-elementor-id=\"918\" class=\"elementor elementor-918\">\n\t\t\t\t\t\t\t\t\t<section class=\"elementor-section elementor-top-section elementor-element elementor-element-3839e3b elementor-section-boxed elementor-section-height-default elementor-section-height-default\" data-id=\"3839e3b\" data-element_type=\"section\">\n\t\t\t\t\t\t<div class=\"elementor-container elementor-column-gap-default\">\n\t\t\t\t\t<div class=\"elementor-column elementor-col-100 elementor-top-column elementor-element elementor-element-4a6ace5\" data-id=\"4a6ace5\" data-element_type=\"column\">\n\t\t\t<div class=\"elementor-widget-wrap elementor-element-populated\">\n\t\t\t\t\t\t\t\t<section class=\"elementor-section elementor-inner-section elementor-element elementor-element-63a6ca5 elementor-section-boxed elementor-section-height-default elementor-section-height-default\" data-id=\"63a6ca5\" data-element_type=\"section\">\n\t\t\t\t\t\t<div class=\"elementor-container elementor-column-gap-default\">\n\t\t\t\t\t<div class=\"elementor-column elementor-col-33 elementor-inner-column elementor-element elementor-element-517dfe7\" data-id=\"517dfe7\" data-element_type=\"column\">\n\t\t\t<div class=\"elementor-widget-wrap elementor-element-populated\">\n\t\t\t\t\t\t\t\t<div class=\"elementor-element elementor-element-02f81c6 elementor-widget elementor-widget-heading\" data-id=\"02f81c6\" data-element_type=\"widget\" data-widget_type=\"heading.default\">\n\t\t\t\t<div class=\"elementor-widget-container\">\n\t\t\t<style>\/*! elementor - v3.17.0 - 08-11-2023 *\/\n.elementor-heading-title{padding:0;margin:0;line-height:1}.elementor-widget-heading .elementor-heading-title[class*=elementor-size-]>a{color:inherit;font-size:inherit;line-height:inherit}.elementor-widget-heading .elementor-heading-title.elementor-size-small{font-size:15px}.elementor-widget-heading .elementor-heading-title.elementor-size-medium{font-size:19px}.elementor-widget-heading .elementor-heading-title.elementor-size-large{font-size:29px}.elementor-widget-heading .elementor-heading-title.elementor-size-xl{font-size:39px}.elementor-widget-heading .elementor-heading-title.elementor-size-xxl{font-size:59px}<\/style><h5 class=\"elementor-heading-title elementor-size-default\">Se former<\/h5>\t\t<\/div>\n\t\t\t\t<\/div>\n\t\t\t\t\t<\/div>\n\t\t<\/div>\n\t\t\t\t<div class=\"elementor-column elementor-col-66 elementor-inner-column elementor-element elementor-element-444ca62\" data-id=\"444ca62\" data-element_type=\"column\">\n\t\t\t<div class=\"elementor-widget-wrap elementor-element-populated\">\n\t\t\t\t\t\t\t\t<div class=\"elementor-element elementor-element-5762902 elementor-widget elementor-widget-heading\" data-id=\"5762902\" data-element_type=\"widget\" data-widget_type=\"heading.default\">\n\t\t\t\t<div class=\"elementor-widget-container\">\n\t\t\t<p class=\"elementor-heading-title elementor-size-default\">L'\u00e9quipe Indiana Jos propose plusieurs formations diff\u00e9rentes sur l'\u00e9ducation non formelle scientifique et technique. <\/p>\t\t<\/div>\n\t\t\t\t<\/div>\n\t\t\t\t<div class=\"elementor-element elementor-element-6329eae elementor-widget elementor-widget-heading\" data-id=\"6329eae\" data-element_type=\"widget\" data-widget_type=\"heading.default\">\n\t\t\t\t<div class=\"elementor-widget-container\">\n\t\t\t<p class=\"elementor-heading-title elementor-size-default\">Les dates et les offres peuvent \u00eatre consult\u00e9es sur <a href=\"https:\/\/formation.elisabeth.lu\/\">le site de formation de Elisabeth<\/a>. \nToutes les formations sont accr\u00e9dit\u00e9es par le Service National de la Jeunesse.\n<\/p>\t\t<\/div>\n\t\t\t\t<\/div>\n\t\t\t\t<div class=\"elementor-element elementor-element-8ce8464 elementor-widget elementor-widget-heading\" data-id=\"8ce8464\" data-element_type=\"widget\" data-widget_type=\"heading.default\">\n\t\t\t\t<div class=\"elementor-widget-container\">\n\t\t\t<p class=\"elementor-heading-title elementor-size-default\">Vous ne trouvez pas la formation qui convient \u00e0 votre \u00e9quipe ? Contactez le d\u00e9partement de recherche et de formation du groupe Elisabeth <a href=\"https:\/\/formation.elisabeth.lu\/de\/contact\">via le formulaire de contact<\/a> pour une formation sur mesure.<\/p>\t\t<\/div>\n\t\t\t\t<\/div>\n\t\t\t\t\t<\/div>\n\t\t<\/div>\n\t\t\t\t\t\t\t<\/div>\n\t\t<\/section>\n\t\t\t\t<div class=\"elementor-element elementor-element-6d723d8 elementor-widget elementor-widget-image-gallery\" data-id=\"6d723d8\" data-element_type=\"widget\" data-widget_type=\"image-gallery.default\">\n\t\t\t\t<div class=\"elementor-widget-container\">\n\t\t\t<style>\/*! elementor - v3.17.0 - 08-11-2023 *\/\n.elementor-image-gallery .gallery-item{display:inline-block;text-align:center;vertical-align:top;width:100%;max-width:100%;margin:0 auto}.elementor-image-gallery .gallery-item img{margin:0 auto}.elementor-image-gallery .gallery-item .gallery-caption{margin:0}.elementor-image-gallery figure img{display:block}.elementor-image-gallery figure figcaption{width:100%}.gallery-spacing-custom .elementor-image-gallery .gallery-icon{padding:0}@media (min-width:768px){.elementor-image-gallery .gallery-columns-2 .gallery-item{max-width:50%}.elementor-image-gallery .gallery-columns-3 .gallery-item{max-width:33.33%}.elementor-image-gallery .gallery-columns-4 .gallery-item{max-width:25%}.elementor-image-gallery .gallery-columns-5 .gallery-item{max-width:20%}.elementor-image-gallery .gallery-columns-6 .gallery-item{max-width:16.666%}.elementor-image-gallery .gallery-columns-7 .gallery-item{max-width:14.28%}.elementor-image-gallery .gallery-columns-8 .gallery-item{max-width:12.5%}.elementor-image-gallery .gallery-columns-9 .gallery-item{max-width:11.11%}.elementor-image-gallery .gallery-columns-10 .gallery-item{max-width:10%}}@media (min-width:480px) and (max-width:767px){.elementor-image-gallery .gallery.gallery-columns-2 .gallery-item,.elementor-image-gallery .gallery.gallery-columns-3 .gallery-item,.elementor-image-gallery .gallery.gallery-columns-4 .gallery-item,.elementor-image-gallery .gallery.gallery-columns-5 .gallery-item,.elementor-image-gallery .gallery.gallery-columns-6 .gallery-item,.elementor-image-gallery .gallery.gallery-columns-7 .gallery-item,.elementor-image-gallery .gallery.gallery-columns-8 .gallery-item,.elementor-image-gallery .gallery.gallery-columns-9 .gallery-item,.elementor-image-gallery .gallery.gallery-columns-10 .gallery-item{max-width:50%}}@media (max-width:479px){.elementor-image-gallery .gallery.gallery-columns-2 .gallery-item,.elementor-image-gallery .gallery.gallery-columns-3 .gallery-item,.elementor-image-gallery .gallery.gallery-columns-4 .gallery-item,.elementor-image-gallery .gallery.gallery-columns-5 .gallery-item,.elementor-image-gallery .gallery.gallery-columns-6 .gallery-item,.elementor-image-gallery .gallery.gallery-columns-7 .gallery-item,.elementor-image-gallery .gallery.gallery-columns-8 .gallery-item,.elementor-image-gallery .gallery.gallery-columns-9 .gallery-item,.elementor-image-gallery .gallery.gallery-columns-10 .gallery-item{max-width:100%}}<\/style>\t\t<div class=\"elementor-image-gallery\">\n\t\t\t<div id='gallery-1' class='gallery galleryid-918 gallery-columns-4 gallery-size-medium_large'><figure class='gallery-item'>\n\t\t\t<div class='gallery-icon landscape'>\n\t\t\t\t<a data-elementor-open-lightbox=\"yes\" data-elementor-lightbox-slideshow=\"6d723d8\" data-elementor-lightbox-title=\"formationcontinue_1\" data-e-action-hash=\"#elementor-action%3Aaction%3Dlightbox%26settings%3DeyJpZCI6MTg1NywidXJsIjoiaHR0cHM6XC9cL2luZGlhbmFqb3MubHVcL3dwLWNvbnRlbnRcL3VwbG9hZHNcLzIwMjNcLzA0XC9mb3JtYXRpb25jb250aW51ZV8xLTIuanBnIiwic2xpZGVzaG93IjoiNmQ3MjNkOCJ9\" href='https:\/\/indianajos.lu\/wp-content\/uploads\/2023\/04\/formationcontinue_1-2.jpg'><img loading=\"lazy\" decoding=\"async\" width=\"640\" height=\"478\" src=\"https:\/\/indianajos.lu\/wp-content\/uploads\/2023\/04\/formationcontinue_1-2-768x573.jpg\" class=\"attachment-medium_large size-medium_large\" alt=\"\" srcset=\"https:\/\/indianajos.lu\/wp-content\/uploads\/2023\/04\/formationcontinue_1-2-768x573.jpg 768w, https:\/\/indianajos.lu\/wp-content\/uploads\/2023\/04\/formationcontinue_1-2-300x224.jpg 300w, https:\/\/indianajos.lu\/wp-content\/uploads\/2023\/04\/formationcontinue_1-2-1024x765.jpg 1024w, https:\/\/indianajos.lu\/wp-content\/uploads\/2023\/04\/formationcontinue_1-2-1536x1147.jpg 1536w, https:\/\/indianajos.lu\/wp-content\/uploads\/2023\/04\/formationcontinue_1-2.jpg 1883w\" sizes=\"auto, (max-width: 640px) 100vw, 640px\" \/><\/a>\n\t\t\t<\/div><\/figure><figure class='gallery-item'>\n\t\t\t<div class='gallery-icon landscape'>\n\t\t\t\t<a data-elementor-open-lightbox=\"yes\" data-elementor-lightbox-slideshow=\"6d723d8\" data-elementor-lightbox-title=\"formationcontinue_2\" data-e-action-hash=\"#elementor-action%3Aaction%3Dlightbox%26settings%3DeyJpZCI6MTg1MywidXJsIjoiaHR0cHM6XC9cL2luZGlhbmFqb3MubHVcL3dwLWNvbnRlbnRcL3VwbG9hZHNcLzIwMjNcLzA0XC9mb3JtYXRpb25jb250aW51ZV8yLmpwZyIsInNsaWRlc2hvdyI6IjZkNzIzZDgifQ%3D%3D\" href='https:\/\/indianajos.lu\/wp-content\/uploads\/2023\/04\/formationcontinue_2.jpg'><img loading=\"lazy\" decoding=\"async\" width=\"640\" height=\"478\" src=\"https:\/\/indianajos.lu\/wp-content\/uploads\/2023\/04\/formationcontinue_2-768x573.jpg\" class=\"attachment-medium_large size-medium_large\" alt=\"\" srcset=\"https:\/\/indianajos.lu\/wp-content\/uploads\/2023\/04\/formationcontinue_2-768x573.jpg 768w, https:\/\/indianajos.lu\/wp-content\/uploads\/2023\/04\/formationcontinue_2-300x224.jpg 300w, https:\/\/indianajos.lu\/wp-content\/uploads\/2023\/04\/formationcontinue_2-1024x764.jpg 1024w, https:\/\/indianajos.lu\/wp-content\/uploads\/2023\/04\/formationcontinue_2.jpg 1535w\" sizes=\"auto, (max-width: 640px) 100vw, 640px\" \/><\/a>\n\t\t\t<\/div><\/figure><figure class='gallery-item'>\n\t\t\t<div class='gallery-icon landscape'>\n\t\t\t\t<a data-elementor-open-lightbox=\"yes\" data-elementor-lightbox-slideshow=\"6d723d8\" data-elementor-lightbox-title=\"formationcontinue_3\" data-e-action-hash=\"#elementor-action%3Aaction%3Dlightbox%26settings%3DeyJpZCI6MTg1NCwidXJsIjoiaHR0cHM6XC9cL2luZGlhbmFqb3MubHVcL3dwLWNvbnRlbnRcL3VwbG9hZHNcLzIwMjNcLzA0XC9mb3JtYXRpb25jb250aW51ZV8zLmpwZyIsInNsaWRlc2hvdyI6IjZkNzIzZDgifQ%3D%3D\" href='https:\/\/indianajos.lu\/wp-content\/uploads\/2023\/04\/formationcontinue_3.jpg'><img loading=\"lazy\" decoding=\"async\" width=\"640\" height=\"478\" src=\"https:\/\/indianajos.lu\/wp-content\/uploads\/2023\/04\/formationcontinue_3-768x574.jpg\" class=\"attachment-medium_large size-medium_large\" alt=\"\" srcset=\"https:\/\/indianajos.lu\/wp-content\/uploads\/2023\/04\/formationcontinue_3-768x574.jpg 768w, https:\/\/indianajos.lu\/wp-content\/uploads\/2023\/04\/formationcontinue_3-300x224.jpg 300w, https:\/\/indianajos.lu\/wp-content\/uploads\/2023\/04\/formationcontinue_3-1024x765.jpg 1024w, https:\/\/indianajos.lu\/wp-content\/uploads\/2023\/04\/formationcontinue_3-1536x1147.jpg 1536w, https:\/\/indianajos.lu\/wp-content\/uploads\/2023\/04\/formationcontinue_3-2048x1529.jpg 2048w\" sizes=\"auto, (max-width: 640px) 100vw, 640px\" \/><\/a>\n\t\t\t<\/div><\/figure><figure class='gallery-item'>\n\t\t\t<div class='gallery-icon landscape'>\n\t\t\t\t<a data-elementor-open-lightbox=\"yes\" data-elementor-lightbox-slideshow=\"6d723d8\" data-elementor-lightbox-title=\"formationcontinue_4\" data-e-action-hash=\"#elementor-action%3Aaction%3Dlightbox%26settings%3DeyJpZCI6MTg1NSwidXJsIjoiaHR0cHM6XC9cL2luZGlhbmFqb3MubHVcL3dwLWNvbnRlbnRcL3VwbG9hZHNcLzIwMjNcLzA0XC9mb3JtYXRpb25jb250aW51ZV80LmpwZyIsInNsaWRlc2hvdyI6IjZkNzIzZDgifQ%3D%3D\" href='https:\/\/indianajos.lu\/wp-content\/uploads\/2023\/04\/formationcontinue_4.jpg'><img loading=\"lazy\" decoding=\"async\" width=\"640\" height=\"480\" src=\"https:\/\/indianajos.lu\/wp-content\/uploads\/2023\/04\/formationcontinue_4-768x576.jpg\" class=\"attachment-medium_large size-medium_large\" alt=\"\" srcset=\"https:\/\/indianajos.lu\/wp-content\/uploads\/2023\/04\/formationcontinue_4-768x576.jpg 768w, https:\/\/indianajos.lu\/wp-content\/uploads\/2023\/04\/formationcontinue_4-300x225.jpg 300w, https:\/\/indianajos.lu\/wp-content\/uploads\/2023\/04\/formationcontinue_4-1024x768.jpg 1024w, https:\/\/indianajos.lu\/wp-content\/uploads\/2023\/04\/formationcontinue_4-1536x1152.jpg 1536w, https:\/\/indianajos.lu\/wp-content\/uploads\/2023\/04\/formationcontinue_4-2048x1536.jpg 2048w\" sizes=\"auto, (max-width: 640px) 100vw, 640px\" \/><\/a>\n\t\t\t<\/div><\/figure>\n\t\t<\/div>\n\t\t<\/div>\n\t\t\t\t<\/div>\n\t\t\t\t<\/div>\n\t\t\t\t<section class=\"elementor-section elementor-inner-section elementor-element elementor-element-58dffdd elementor-section-boxed elementor-section-height-default elementor-section-height-default\" data-id=\"58dffdd\" data-element_type=\"section\">\n\t\t\t\t\t\t<div class=\"elementor-container elementor-column-gap-default\">\n\t\t\t\t\t<div class=\"elementor-column elementor-col-33 elementor-inner-column elementor-element elementor-element-34e0401\" data-id=\"34e0401\" data-element_type=\"column\">\n\t\t\t<div class=\"elementor-widget-wrap elementor-element-populated\">\n\t\t\t\t\t\t\t\t<div class=\"elementor-element elementor-element-4c912a4 elementor-widget elementor-widget-heading\" data-id=\"4c912a4\" data-element_type=\"widget\" data-widget_type=\"heading.default\">\n\t\t\t\t<div class=\"elementor-widget-container\">\n\t\t\t<h5 class=\"elementor-heading-title elementor-size-default\">Conseil sp\u00e9cialis\u00e9<\/h5>\t\t<\/div>\n\t\t\t\t<\/div>\n\t\t\t\t\t<\/div>\n\t\t<\/div>\n\t\t\t\t<div class=\"elementor-column elementor-col-66 elementor-inner-column elementor-element elementor-element-7c1fb40\" data-id=\"7c1fb40\" data-element_type=\"column\">\n\t\t\t<div class=\"elementor-widget-wrap elementor-element-populated\">\n\t\t\t\t\t\t\t\t<div class=\"elementor-element elementor-element-b63ff70 elementor-widget elementor-widget-heading\" data-id=\"b63ff70\" data-element_type=\"widget\" data-widget_type=\"heading.default\">\n\t\t\t\t<div class=\"elementor-widget-container\">\n\t\t\t<p class=\"elementor-heading-title elementor-size-default\">L'\u00e9quipe Indiana Jos propose des consultations sp\u00e9cialis\u00e9es dans le domaine de l'\u00e9ducation non formelle scientifique et technique. <\/p>\t\t<\/div>\n\t\t\t\t<\/div>\n\t\t\t\t<div class=\"elementor-element elementor-element-158a05b elementor-widget elementor-widget-heading\" data-id=\"158a05b\" data-element_type=\"widget\" data-widget_type=\"heading.default\">\n\t\t\t\t<div class=\"elementor-widget-container\">\n\t\t\t<p class=\"elementor-heading-title elementor-size-default\">Les consultations sp\u00e9cialis\u00e9es visent \u00e0 vous soutenir dans la mise en \u0153uvre d'exp\u00e9riences scientifiques et techniques.<\/p>\t\t<\/div>\n\t\t\t\t<\/div>\n\t\t\t\t<div class=\"elementor-element elementor-element-b3d8ea2 elementor-widget elementor-widget-heading\" data-id=\"b3d8ea2\" data-element_type=\"widget\" data-widget_type=\"heading.default\">\n\t\t\t\t<div class=\"elementor-widget-container\">\n\t\t\t<p class=\"elementor-heading-title elementor-size-default\">Parmi les th\u00e8mes possibles, on peut citer l'am\u00e9nagement d'une salle ou d'un espace \u00ab scientifique \u00bb, ou encore un plan d'activit\u00e9s scientifiques et techniques d\u00e9di\u00e9 aux enfants de votre structure.<\/p>\t\t<\/div>\n\t\t\t\t<\/div>\n\t\t\t\t\t<\/div>\n\t\t<\/div>\n\t\t\t\t\t\t\t<\/div>\n\t\t<\/section>\n\t\t\t\t<section class=\"elementor-section elementor-inner-section elementor-element elementor-element-df9dbcf elementor-section-boxed elementor-section-height-default elementor-section-height-default\" data-id=\"df9dbcf\" data-element_type=\"section\">\n\t\t\t\t\t\t<div class=\"elementor-container elementor-column-gap-default\">\n\t\t\t\t\t<div class=\"elementor-column elementor-col-100 elementor-inner-column elementor-element elementor-element-73a55c8\" data-id=\"73a55c8\" data-element_type=\"column\">\n\t\t\t<div class=\"elementor-widget-wrap\">\n\t\t\t\t\t\t\t\t\t<\/div>\n\t\t<\/div>\n\t\t\t\t\t\t\t<\/div>\n\t\t<\/section>\n\t\t\t\t\t<\/div>\n\t\t<\/div>\n\t\t\t\t\t\t\t<\/div>\n\t\t<\/section>\n\t\t\t\t<section class=\"elementor-section elementor-top-section elementor-element elementor-element-653502e elementor-section-boxed elementor-section-height-default elementor-section-height-default elementor-invisible\" data-id=\"653502e\" data-element_type=\"section\" data-settings=\"{&quot;background_background&quot;:&quot;classic&quot;,&quot;animation&quot;:&quot;bounceInLeft&quot;}\">\n\t\t\t\t\t\t<div class=\"elementor-container elementor-column-gap-default\">\n\t\t\t\t\t<div class=\"elementor-column elementor-col-100 elementor-top-column elementor-element elementor-element-1c1bcc3\" data-id=\"1c1bcc3\" data-element_type=\"column\" data-settings=\"{&quot;background_background&quot;:&quot;classic&quot;}\">\n\t\t\t<div class=\"elementor-widget-wrap elementor-element-populated\">\n\t\t\t\t\t\t\t\t<div class=\"elementor-element elementor-element-ee8e4d2 elementor-widget elementor-widget-tp-cta\" data-id=\"ee8e4d2\" data-element_type=\"widget\" data-widget_type=\"tp-cta.default\">\n\t\t\t\t<div class=\"elementor-widget-container\">\n\t\t\t\r\n\r\n<div class=\"cta-bg ele-section\">\r\n    <div class=\"cta-content ml-90\">\r\n        <h2 class=\"cta-title mb-35 ele-title\">Vous souhaitez<br> vous former aux Sciences ?<\/h2>\r\n                <a href=\"https:\/\/formation.elisabeth.lu\/fr\/formations\" target=\"_blank\" rel=\"nofollow\" class=\"tp-cta-btn ele-button\">\r\n            <svg width=\"14\" height=\"19\" viewBox=\"0 0 14 19\" fill=\"none\" xmlns=\"http:\/\/www.w3.org\/2000\/svg\"><circle cx=\"2\" cy=\"2\" r=\"2\" fill=\"white\"\/><circle cx=\"7\" cy=\"2\" r=\"2\" fill=\"white\"\/><circle cx=\"12\" cy=\"2\" r=\"2\" fill=\"white\"\/><circle cx=\"12\" cy=\"7\" r=\"2\" fill=\"white\"\/><circle cx=\"12\" cy=\"12\" r=\"2\" fill=\"white\"\/><circle cx=\"7\" cy=\"7\" r=\"2\" fill=\"white\"\/><circle cx=\"7\" cy=\"12\" r=\"2\" fill=\"white\"\/><circle cx=\"7\" cy=\"17\" r=\"2\" fill=\"white\"\/><circle cx=\"2\" cy=\"7\" r=\"2\" fill=\"white\"\/><circle cx=\"2\" cy=\"12\" r=\"2\" fill=\"white\"\/><\/svg>\r\n            <span>Call :<\/span>VOIR LES FORMATIONS DISPONIBLES<\/a>\r\n            <\/div>\r\n<\/div>\r\n\r\n\t\t<\/div>\n\t\t\t\t<\/div>\n\t\t\t\t\t<\/div>\n\t\t<\/div>\n\t\t\t\t\t\t\t<\/div>\n\t\t<\/section>\n\t\t\t\t\t\t\t<\/div>\n\t\t","protected":false},"excerpt":{"rendered":"<p>Se former L&#8217;\u00e9quipe Indiana Jos propose plusieurs formations diff\u00e9rentes sur l&#8217;\u00e9ducation non formelle scientifique et technique. Les dates et les offres peuvent \u00eatre consult\u00e9es sur le site de formation de Elisabeth. Toutes les formations sont accr\u00e9dit\u00e9es par le Service National de la Jeunesse. Vous ne trouvez pas la formation qui convient \u00e0 votre \u00e9quipe ? [&hellip;]<\/p>\n","protected":false},"author":1,"featured_media":0,"parent":0,"menu_order":0,"comment_status":"closed","ping_status":"closed","template":"elementor_header_footer","meta":{"footnotes":""},"class_list":["post-918","page","type-page","status-publish","hentry"],"acf":[],"_links":{"self":[{"href":"https:\/\/indianajos.lu\/index.php?rest_route=\/wp\/v2\/pages\/918","targetHints":{"allow":["GET"]}}],"collection":[{"href":"https:\/\/indianajos.lu\/index.php?rest_route=\/wp\/v2\/pages"}],"about":[{"href":"https:\/\/indianajos.lu\/index.php?rest_route=\/wp\/v2\/types\/page"}],"author":[{"embeddable":true,"href":"https:\/\/indianajos.lu\/index.php?rest_route=\/wp\/v2\/users\/1"}],"replies":[{"embeddable":true,"href":"https:\/\/indianajos.lu\/index.php?rest_route=%2Fwp%2Fv2%2Fcomments&post=918"}],"version-history":[{"count":25,"href":"https:\/\/indianajos.lu\/index.php?rest_route=\/wp\/v2\/pages\/918\/revisions"}],"predecessor-version":[{"id":1943,"href":"https:\/\/indianajos.lu\/index.php?rest_route=\/wp\/v2\/pages\/918\/revisions\/1943"}],"wp:attachment":[{"href":"https:\/\/indianajos.lu\/index.php?rest_route=%2Fwp%2Fv2%2Fmedia&parent=918"}],"curies":[{"name":"wp","href":"https:\/\/api.w.org\/{rel}","templated":true}]}}