{"id":880,"date":"2022-08-23T12:11:44","date_gmt":"2022-08-23T12:11:44","guid":{"rendered":"https:\/\/weblearnbd.net\/wp\/bioxlab\/?page_id=880"},"modified":"2023-05-04T15:26:56","modified_gmt":"2023-05-04T15:26:56","slug":"workshops","status":"publish","type":"page","link":"https:\/\/indianajos.lu\/?page_id=880","title":{"rendered":"Workshops"},"content":{"rendered":"\t\t<div data-elementor-type=\"wp-page\" data-elementor-id=\"880\" class=\"elementor elementor-880\">\n\t\t\t\t\t\t\t\t\t<section class=\"elementor-section elementor-top-section elementor-element elementor-element-1d83dca elementor-section-boxed elementor-section-height-default elementor-section-height-default\" data-id=\"1d83dca\" data-element_type=\"section\">\n\t\t\t\t\t\t<div class=\"elementor-container elementor-column-gap-default\">\n\t\t\t\t\t<div class=\"elementor-column elementor-col-100 elementor-top-column elementor-element elementor-element-7057ce7\" data-id=\"7057ce7\" data-element_type=\"column\">\n\t\t\t<div class=\"elementor-widget-wrap elementor-element-populated\">\n\t\t\t\t\t\t\t\t<section class=\"elementor-section elementor-inner-section elementor-element elementor-element-a9684a9 elementor-section-boxed elementor-section-height-default elementor-section-height-default\" data-id=\"a9684a9\" data-element_type=\"section\">\n\t\t\t\t\t\t<div class=\"elementor-container elementor-column-gap-default\">\n\t\t\t\t\t<div class=\"elementor-column elementor-col-33 elementor-inner-column elementor-element elementor-element-1901888\" data-id=\"1901888\" data-element_type=\"column\">\n\t\t\t<div class=\"elementor-widget-wrap elementor-element-populated\">\n\t\t\t\t\t\t\t\t<div class=\"elementor-element elementor-element-fbd1fe9 elementor-widget elementor-widget-heading\" data-id=\"fbd1fe9\" data-element_type=\"widget\" data-widget_type=\"heading.default\">\n\t\t\t\t<div class=\"elementor-widget-container\">\n\t\t\t<style>\/*! elementor - v3.17.0 - 08-11-2023 *\/\n.elementor-heading-title{padding:0;margin:0;line-height:1}.elementor-widget-heading .elementor-heading-title[class*=elementor-size-]>a{color:inherit;font-size:inherit;line-height:inherit}.elementor-widget-heading .elementor-heading-title.elementor-size-small{font-size:15px}.elementor-widget-heading .elementor-heading-title.elementor-size-medium{font-size:19px}.elementor-widget-heading .elementor-heading-title.elementor-size-large{font-size:29px}.elementor-widget-heading .elementor-heading-title.elementor-size-xl{font-size:39px}.elementor-widget-heading .elementor-heading-title.elementor-size-xxl{font-size:59px}<\/style><h5 class=\"elementor-heading-title elementor-size-default\">Nos ateliers<\/h5>\t\t<\/div>\n\t\t\t\t<\/div>\n\t\t\t\t\t<\/div>\n\t\t<\/div>\n\t\t\t\t<div class=\"elementor-column elementor-col-66 elementor-inner-column elementor-element elementor-element-d07259f\" data-id=\"d07259f\" data-element_type=\"column\">\n\t\t\t<div class=\"elementor-widget-wrap elementor-element-populated\">\n\t\t\t\t\t\t\t\t<div class=\"elementor-element elementor-element-e7f2bf0 elementor-widget elementor-widget-heading\" data-id=\"e7f2bf0\" data-element_type=\"widget\" data-widget_type=\"heading.default\">\n\t\t\t\t<div class=\"elementor-widget-container\">\n\t\t\t<p class=\"elementor-heading-title elementor-size-default\">Nous proposons des ateliers scientifiques pour les enfants de 2 \u00e0 12 ans. <\/p>\t\t<\/div>\n\t\t\t\t<\/div>\n\t\t\t\t<div class=\"elementor-element elementor-element-6c83b2b elementor-widget elementor-widget-heading\" data-id=\"6c83b2b\" data-element_type=\"widget\" data-widget_type=\"heading.default\">\n\t\t\t\t<div class=\"elementor-widget-container\">\n\t\t\t<p class=\"elementor-heading-title elementor-size-default\">Nos ateliers visent \u00e0 donner aux enfants une compr\u00e9hension des math\u00e9matiques, des sciences et de la technologie de mani\u00e8re <b>ludique<\/b>. Nous permettons aux enfants de r\u00e9soudre des probl\u00e8mes et d'\u00e9veiller leur propre curiosit\u00e9. Dans nos ateliers, les enfants ne se contentent pas de s'amuser, ils d\u00e9veloppent \u00e9galement des comp\u00e9tences importantes telles que la cr\u00e9ativit\u00e9, l'innovation et la coop\u00e9ration.<\/p>\t\t<\/div>\n\t\t\t\t<\/div>\n\t\t\t\t\t<\/div>\n\t\t<\/div>\n\t\t\t\t\t\t\t<\/div>\n\t\t<\/section>\n\t\t\t\t<section class=\"elementor-section elementor-inner-section elementor-element elementor-element-293bf3b elementor-section-boxed elementor-section-height-default elementor-section-height-default\" data-id=\"293bf3b\" data-element_type=\"section\">\n\t\t\t\t\t\t<div class=\"elementor-container elementor-column-gap-default\">\n\t\t\t\t\t<div class=\"elementor-column elementor-col-100 elementor-inner-column elementor-element elementor-element-2e67093\" data-id=\"2e67093\" data-element_type=\"column\">\n\t\t\t<div class=\"elementor-widget-wrap elementor-element-populated\">\n\t\t\t\t\t\t\t\t<div class=\"elementor-element elementor-element-821c3a4 elementor-widget elementor-widget-image-gallery\" data-id=\"821c3a4\" data-element_type=\"widget\" data-widget_type=\"image-gallery.default\">\n\t\t\t\t<div class=\"elementor-widget-container\">\n\t\t\t<style>\/*! elementor - v3.17.0 - 08-11-2023 *\/\n.elementor-image-gallery .gallery-item{display:inline-block;text-align:center;vertical-align:top;width:100%;max-width:100%;margin:0 auto}.elementor-image-gallery .gallery-item img{margin:0 auto}.elementor-image-gallery .gallery-item .gallery-caption{margin:0}.elementor-image-gallery figure img{display:block}.elementor-image-gallery figure figcaption{width:100%}.gallery-spacing-custom .elementor-image-gallery .gallery-icon{padding:0}@media (min-width:768px){.elementor-image-gallery .gallery-columns-2 .gallery-item{max-width:50%}.elementor-image-gallery .gallery-columns-3 .gallery-item{max-width:33.33%}.elementor-image-gallery .gallery-columns-4 .gallery-item{max-width:25%}.elementor-image-gallery .gallery-columns-5 .gallery-item{max-width:20%}.elementor-image-gallery .gallery-columns-6 .gallery-item{max-width:16.666%}.elementor-image-gallery .gallery-columns-7 .gallery-item{max-width:14.28%}.elementor-image-gallery .gallery-columns-8 .gallery-item{max-width:12.5%}.elementor-image-gallery .gallery-columns-9 .gallery-item{max-width:11.11%}.elementor-image-gallery .gallery-columns-10 .gallery-item{max-width:10%}}@media (min-width:480px) and (max-width:767px){.elementor-image-gallery .gallery.gallery-columns-2 .gallery-item,.elementor-image-gallery .gallery.gallery-columns-3 .gallery-item,.elementor-image-gallery .gallery.gallery-columns-4 .gallery-item,.elementor-image-gallery .gallery.gallery-columns-5 .gallery-item,.elementor-image-gallery .gallery.gallery-columns-6 .gallery-item,.elementor-image-gallery .gallery.gallery-columns-7 .gallery-item,.elementor-image-gallery .gallery.gallery-columns-8 .gallery-item,.elementor-image-gallery .gallery.gallery-columns-9 .gallery-item,.elementor-image-gallery .gallery.gallery-columns-10 .gallery-item{max-width:50%}}@media (max-width:479px){.elementor-image-gallery .gallery.gallery-columns-2 .gallery-item,.elementor-image-gallery .gallery.gallery-columns-3 .gallery-item,.elementor-image-gallery .gallery.gallery-columns-4 .gallery-item,.elementor-image-gallery .gallery.gallery-columns-5 .gallery-item,.elementor-image-gallery .gallery.gallery-columns-6 .gallery-item,.elementor-image-gallery .gallery.gallery-columns-7 .gallery-item,.elementor-image-gallery .gallery.gallery-columns-8 .gallery-item,.elementor-image-gallery .gallery.gallery-columns-9 .gallery-item,.elementor-image-gallery .gallery.gallery-columns-10 .gallery-item{max-width:100%}}<\/style>\t\t<div class=\"elementor-image-gallery\">\n\t\t\t<div id='gallery-1' class='gallery galleryid-880 gallery-columns-4 gallery-size-medium_large'><figure class='gallery-item'>\n\t\t\t<div class='gallery-icon landscape'>\n\t\t\t\t<a data-elementor-open-lightbox=\"yes\" data-elementor-lightbox-slideshow=\"821c3a4\" data-elementor-lightbox-title=\"workshop_indianajos_0\" data-e-action-hash=\"#elementor-action%3Aaction%3Dlightbox%26settings%3DeyJpZCI6MTgyOSwidXJsIjoiaHR0cHM6XC9cL2luZGlhbmFqb3MubHVcL3dwLWNvbnRlbnRcL3VwbG9hZHNcLzIwMjNcLzA0XC93b3Jrc2hvcF9pbmRpYW5ham9zXzAuanBnIiwic2xpZGVzaG93IjoiODIxYzNhNCJ9\" href='https:\/\/indianajos.lu\/wp-content\/uploads\/2023\/04\/workshop_indianajos_0.jpg'><img loading=\"lazy\" decoding=\"async\" width=\"640\" height=\"480\" src=\"https:\/\/indianajos.lu\/wp-content\/uploads\/2023\/04\/workshop_indianajos_0-768x576.jpg\" class=\"attachment-medium_large size-medium_large\" alt=\"\" srcset=\"https:\/\/indianajos.lu\/wp-content\/uploads\/2023\/04\/workshop_indianajos_0-768x576.jpg 768w, https:\/\/indianajos.lu\/wp-content\/uploads\/2023\/04\/workshop_indianajos_0-300x225.jpg 300w, https:\/\/indianajos.lu\/wp-content\/uploads\/2023\/04\/workshop_indianajos_0-1024x768.jpg 1024w, https:\/\/indianajos.lu\/wp-content\/uploads\/2023\/04\/workshop_indianajos_0-1536x1152.jpg 1536w, https:\/\/indianajos.lu\/wp-content\/uploads\/2023\/04\/workshop_indianajos_0.jpg 2000w\" sizes=\"auto, (max-width: 640px) 100vw, 640px\" \/><\/a>\n\t\t\t<\/div><\/figure><figure class='gallery-item'>\n\t\t\t<div class='gallery-icon landscape'>\n\t\t\t\t<a data-elementor-open-lightbox=\"yes\" data-elementor-lightbox-slideshow=\"821c3a4\" data-elementor-lightbox-title=\"workshop_indianajos_1\" data-e-action-hash=\"#elementor-action%3Aaction%3Dlightbox%26settings%3DeyJpZCI6MTgzMCwidXJsIjoiaHR0cHM6XC9cL2luZGlhbmFqb3MubHVcL3dwLWNvbnRlbnRcL3VwbG9hZHNcLzIwMjNcLzA0XC93b3Jrc2hvcF9pbmRpYW5ham9zXzEuanBnIiwic2xpZGVzaG93IjoiODIxYzNhNCJ9\" href='https:\/\/indianajos.lu\/wp-content\/uploads\/2023\/04\/workshop_indianajos_1.jpg'><img loading=\"lazy\" decoding=\"async\" width=\"640\" height=\"480\" src=\"https:\/\/indianajos.lu\/wp-content\/uploads\/2023\/04\/workshop_indianajos_1-768x576.jpg\" class=\"attachment-medium_large size-medium_large\" alt=\"\" srcset=\"https:\/\/indianajos.lu\/wp-content\/uploads\/2023\/04\/workshop_indianajos_1-768x576.jpg 768w, https:\/\/indianajos.lu\/wp-content\/uploads\/2023\/04\/workshop_indianajos_1-300x225.jpg 300w, https:\/\/indianajos.lu\/wp-content\/uploads\/2023\/04\/workshop_indianajos_1-1024x768.jpg 1024w, https:\/\/indianajos.lu\/wp-content\/uploads\/2023\/04\/workshop_indianajos_1-1536x1152.jpg 1536w, https:\/\/indianajos.lu\/wp-content\/uploads\/2023\/04\/workshop_indianajos_1.jpg 2000w\" sizes=\"auto, (max-width: 640px) 100vw, 640px\" \/><\/a>\n\t\t\t<\/div><\/figure><figure class='gallery-item'>\n\t\t\t<div class='gallery-icon landscape'>\n\t\t\t\t<a data-elementor-open-lightbox=\"yes\" data-elementor-lightbox-slideshow=\"821c3a4\" data-elementor-lightbox-title=\"workshop_indianajos_2\" data-e-action-hash=\"#elementor-action%3Aaction%3Dlightbox%26settings%3DeyJpZCI6MTgzMSwidXJsIjoiaHR0cHM6XC9cL2luZGlhbmFqb3MubHVcL3dwLWNvbnRlbnRcL3VwbG9hZHNcLzIwMjNcLzA0XC93b3Jrc2hvcF9pbmRpYW5ham9zXzIuanBnIiwic2xpZGVzaG93IjoiODIxYzNhNCJ9\" href='https:\/\/indianajos.lu\/wp-content\/uploads\/2023\/04\/workshop_indianajos_2.jpg'><img loading=\"lazy\" decoding=\"async\" width=\"640\" height=\"480\" src=\"https:\/\/indianajos.lu\/wp-content\/uploads\/2023\/04\/workshop_indianajos_2-768x576.jpg\" class=\"attachment-medium_large size-medium_large\" alt=\"\" srcset=\"https:\/\/indianajos.lu\/wp-content\/uploads\/2023\/04\/workshop_indianajos_2-768x576.jpg 768w, https:\/\/indianajos.lu\/wp-content\/uploads\/2023\/04\/workshop_indianajos_2-300x225.jpg 300w, https:\/\/indianajos.lu\/wp-content\/uploads\/2023\/04\/workshop_indianajos_2-1024x768.jpg 1024w, https:\/\/indianajos.lu\/wp-content\/uploads\/2023\/04\/workshop_indianajos_2-1536x1152.jpg 1536w, https:\/\/indianajos.lu\/wp-content\/uploads\/2023\/04\/workshop_indianajos_2.jpg 2000w\" sizes=\"auto, (max-width: 640px) 100vw, 640px\" \/><\/a>\n\t\t\t<\/div><\/figure><figure class='gallery-item'>\n\t\t\t<div class='gallery-icon landscape'>\n\t\t\t\t<a data-elementor-open-lightbox=\"yes\" data-elementor-lightbox-slideshow=\"821c3a4\" data-elementor-lightbox-title=\"workshop_indianajos_4\" data-e-action-hash=\"#elementor-action%3Aaction%3Dlightbox%26settings%3DeyJpZCI6MTgzMywidXJsIjoiaHR0cHM6XC9cL2luZGlhbmFqb3MubHVcL3dwLWNvbnRlbnRcL3VwbG9hZHNcLzIwMjNcLzA0XC93b3Jrc2hvcF9pbmRpYW5ham9zXzQuanBnIiwic2xpZGVzaG93IjoiODIxYzNhNCJ9\" href='https:\/\/indianajos.lu\/wp-content\/uploads\/2023\/04\/workshop_indianajos_4.jpg'><img loading=\"lazy\" decoding=\"async\" width=\"640\" height=\"480\" src=\"https:\/\/indianajos.lu\/wp-content\/uploads\/2023\/04\/workshop_indianajos_4-768x576.jpg\" class=\"attachment-medium_large size-medium_large\" alt=\"\" srcset=\"https:\/\/indianajos.lu\/wp-content\/uploads\/2023\/04\/workshop_indianajos_4-768x576.jpg 768w, https:\/\/indianajos.lu\/wp-content\/uploads\/2023\/04\/workshop_indianajos_4-300x225.jpg 300w, https:\/\/indianajos.lu\/wp-content\/uploads\/2023\/04\/workshop_indianajos_4-1024x768.jpg 1024w, https:\/\/indianajos.lu\/wp-content\/uploads\/2023\/04\/workshop_indianajos_4-1536x1152.jpg 1536w, https:\/\/indianajos.lu\/wp-content\/uploads\/2023\/04\/workshop_indianajos_4.jpg 2000w\" sizes=\"auto, (max-width: 640px) 100vw, 640px\" \/><\/a>\n\t\t\t<\/div><\/figure>\n\t\t<\/div>\n\t\t<\/div>\n\t\t\t\t<\/div>\n\t\t\t\t<\/div>\n\t\t\t\t\t<\/div>\n\t\t<\/div>\n\t\t\t\t\t\t\t<\/div>\n\t\t<\/section>\n\t\t\t\t\t<\/div>\n\t\t<\/div>\n\t\t\t\t\t\t\t<\/div>\n\t\t<\/section>\n\t\t\t\t<section class=\"elementor-section elementor-top-section elementor-element elementor-element-e7d00a3 elementor-section-boxed elementor-section-height-default elementor-section-height-default elementor-invisible\" data-id=\"e7d00a3\" data-element_type=\"section\" data-settings=\"{&quot;background_background&quot;:&quot;classic&quot;,&quot;animation&quot;:&quot;bounceInLeft&quot;}\">\n\t\t\t\t\t\t<div class=\"elementor-container elementor-column-gap-default\">\n\t\t\t\t\t<div class=\"elementor-column elementor-col-100 elementor-top-column elementor-element elementor-element-f48bbe1\" data-id=\"f48bbe1\" data-element_type=\"column\" data-settings=\"{&quot;background_background&quot;:&quot;classic&quot;}\">\n\t\t\t<div class=\"elementor-widget-wrap elementor-element-populated\">\n\t\t\t\t\t\t\t\t<div class=\"elementor-element elementor-element-76dfaac elementor-widget elementor-widget-tp-cta\" data-id=\"76dfaac\" data-element_type=\"widget\" data-widget_type=\"tp-cta.default\">\n\t\t\t\t<div class=\"elementor-widget-container\">\n\t\t\t\r\n\r\n<div class=\"cta-bg ele-section\">\r\n    <div class=\"cta-content ml-90\">\r\n        <h2 class=\"cta-title mb-35 ele-title\">Vous souhaitez avoir<br> votre propre Workshop ?<\/h2>\r\n                <a href=\"https:\/\/indianajos.lu\/?page_id=874\" target=\"_self\" rel=\"nofollow\" class=\"tp-cta-btn ele-button\">\r\n            <svg width=\"14\" height=\"19\" viewBox=\"0 0 14 19\" fill=\"none\" xmlns=\"http:\/\/www.w3.org\/2000\/svg\"><circle cx=\"2\" cy=\"2\" r=\"2\" fill=\"white\"\/><circle cx=\"7\" cy=\"2\" r=\"2\" fill=\"white\"\/><circle cx=\"12\" cy=\"2\" r=\"2\" fill=\"white\"\/><circle cx=\"12\" cy=\"7\" r=\"2\" fill=\"white\"\/><circle cx=\"12\" cy=\"12\" r=\"2\" fill=\"white\"\/><circle cx=\"7\" cy=\"7\" r=\"2\" fill=\"white\"\/><circle cx=\"7\" cy=\"12\" r=\"2\" fill=\"white\"\/><circle cx=\"7\" cy=\"17\" r=\"2\" fill=\"white\"\/><circle cx=\"2\" cy=\"7\" r=\"2\" fill=\"white\"\/><circle cx=\"2\" cy=\"12\" r=\"2\" fill=\"white\"\/><\/svg>\r\n            <span>Call :<\/span>CONTACTEZ-NOUS<\/a>\r\n            <\/div>\r\n<\/div>\r\n\r\n\t\t<\/div>\n\t\t\t\t<\/div>\n\t\t\t\t\t<\/div>\n\t\t<\/div>\n\t\t\t\t\t\t\t<\/div>\n\t\t<\/section>\n\t\t\t\t\t\t\t<\/div>\n\t\t","protected":false},"excerpt":{"rendered":"<p>Nos ateliers Nous proposons des ateliers scientifiques pour les enfants de 2 \u00e0 12 ans. Nos ateliers visent \u00e0 donner aux enfants une compr\u00e9hension des math\u00e9matiques, des sciences et de la technologie de mani\u00e8re ludique. Nous permettons aux enfants de r\u00e9soudre des probl\u00e8mes et d&#8217;\u00e9veiller leur propre curiosit\u00e9. Dans nos ateliers, les enfants ne se [&hellip;]<\/p>\n","protected":false},"author":1,"featured_media":1678,"parent":0,"menu_order":0,"comment_status":"closed","ping_status":"closed","template":"elementor_header_footer","meta":{"footnotes":""},"class_list":["post-880","page","type-page","status-publish","has-post-thumbnail","hentry"],"acf":[],"_links":{"self":[{"href":"https:\/\/indianajos.lu\/index.php?rest_route=\/wp\/v2\/pages\/880","targetHints":{"allow":["GET"]}}],"collection":[{"href":"https:\/\/indianajos.lu\/index.php?rest_route=\/wp\/v2\/pages"}],"about":[{"href":"https:\/\/indianajos.lu\/index.php?rest_route=\/wp\/v2\/types\/page"}],"author":[{"embeddable":true,"href":"https:\/\/indianajos.lu\/index.php?rest_route=\/wp\/v2\/users\/1"}],"replies":[{"embeddable":true,"href":"https:\/\/indianajos.lu\/index.php?rest_route=%2Fwp%2Fv2%2Fcomments&post=880"}],"version-history":[{"count":45,"href":"https:\/\/indianajos.lu\/index.php?rest_route=\/wp\/v2\/pages\/880\/revisions"}],"predecessor-version":[{"id":1940,"href":"https:\/\/indianajos.lu\/index.php?rest_route=\/wp\/v2\/pages\/880\/revisions\/1940"}],"wp:featuredmedia":[{"embeddable":true,"href":"https:\/\/indianajos.lu\/index.php?rest_route=\/wp\/v2\/media\/1678"}],"wp:attachment":[{"href":"https:\/\/indianajos.lu\/index.php?rest_route=%2Fwp%2Fv2%2Fmedia&parent=880"}],"curies":[{"name":"wp","href":"https:\/\/api.w.org\/{rel}","templated":true}]}}