{"id":780,"date":"2022-08-22T01:08:43","date_gmt":"2022-08-22T01:08:43","guid":{"rendered":"https:\/\/weblearnbd.net\/wp\/bioxlab\/?page_id=780"},"modified":"2023-05-26T15:04:46","modified_gmt":"2023-05-26T15:04:46","slug":"indiana-jos-tour","status":"publish","type":"page","link":"https:\/\/indianajos.lu\/?page_id=780","title":{"rendered":"Indiana Jos Tour"},"content":{"rendered":"\t\t<div data-elementor-type=\"wp-page\" data-elementor-id=\"780\" class=\"elementor elementor-780\">\n\t\t\t\t\t\t\t\t\t<section class=\"elementor-section elementor-top-section elementor-element elementor-element-e9a05bf elementor-section-full_width elementor-section-height-default elementor-section-height-default\" data-id=\"e9a05bf\" data-element_type=\"section\" data-settings=\"{&quot;background_background&quot;:&quot;classic&quot;}\">\n\t\t\t\t\t\t<div class=\"elementor-container elementor-column-gap-no\">\n\t\t\t\t\t<div class=\"elementor-column elementor-col-100 elementor-top-column elementor-element elementor-element-1b4e3af\" data-id=\"1b4e3af\" data-element_type=\"column\">\n\t\t\t<div class=\"elementor-widget-wrap elementor-element-populated\">\n\t\t\t\t\t\t\t\t<div class=\"elementor-element elementor-element-9a61d8d elementor-widget elementor-widget-services\" data-id=\"9a61d8d\" data-element_type=\"widget\" data-widget_type=\"services.default\">\n\t\t\t\t<div class=\"elementor-widget-container\">\n\t\t\t\r\n\r\n<section class=\"services-area ele-section\" >\r\n    <div class=\"container\">\r\n        <div class=\"row align-items-end  mb-45\">\r\n            <div class=\"col-lg-5 col-md-12 col-12\">\r\n                                    <div class=\"tp-section\">\r\n                                                <span class=\"tp-section__sub-title left-line mb-20 ele-subtitle\">Des exp\u00e9riences scientifiques<\/span>\r\n                                                <h2 class=\"tp-section__title mb-30 ele-title\">Au coeur m\u00eame de votre structure<\/h2>                                                        <p class=\"ele-content\">L'Indiana Jos Tour vise \u00e0 apporter une \u00e9ducation scientifique de haute qualit\u00e9 dans les institutions d'\u00e9ducation non formelle telles que les maisons relais.<br> \nPour ce faire, des chercheurs, des ing\u00e9nieurs et des p\u00e9dagogues proposent des ateliers qui rendent la recherche scientifique accessible aux enfants.<br><br>\n\n<b>Nos domaines d'interventions sont tr\u00e8s divers tels que :<\/b><\/p>\r\n                                            <\/div>\r\n                            <\/div>\r\n            <div class=\"col-lg-7 col-md-12 col-12\">\r\n                            <\/div>\r\n        <\/div>\r\n        <div class=\"row\">\r\n                        <div class=\"col-xl-3 col-lg-6 col-md-6 col-12\">\r\n                <div class=\"tp-services-box ele-feature-section text-center mb-25 wow fadeInUp elementor-repeater-item-b0d8513\" data-wow-delay=\".2s\">\r\n                    <div class=\"tp-services-box__icon mb-40\">\r\n                                                                                    <span class=\"tp-sv-icon ele-feature-icon\">\r\n                                    <i aria-hidden=\"true\" class=\"fas fa-tools\"><\/i>                                <\/span>\r\n                                                                        <\/div>\r\n                    <div class=\"tp-services-box__content\">\r\n                                                    <h4 class=\"tp-services-box__title mb-30 ele-feature-title\">\r\n                                                                    Techniques                                                            <\/h4>\r\n                        \r\n                        \r\n                                                \r\n                    <\/div>\r\n                <\/div>\r\n            <\/div>\r\n                        <div class=\"col-xl-3 col-lg-6 col-md-6 col-12\">\r\n                <div class=\"tp-services-box ele-feature-section text-center mb-25 wow fadeInUp elementor-repeater-item-e679bcc\" data-wow-delay=\".2s\">\r\n                    <div class=\"tp-services-box__icon mb-40\">\r\n                                                                                    <span class=\"tp-sv-icon ele-feature-icon\">\r\n                                    <i aria-hidden=\"true\" class=\"tp flaticon-blood-test\"><\/i>                                <\/span>\r\n                                                                        <\/div>\r\n                    <div class=\"tp-services-box__content\">\r\n                                                    <h4 class=\"tp-services-box__title mb-30 ele-feature-title\">\r\n                                                                    Chimie                                                            <\/h4>\r\n                        \r\n                        \r\n                                                \r\n                    <\/div>\r\n                <\/div>\r\n            <\/div>\r\n                        <div class=\"col-xl-3 col-lg-6 col-md-6 col-12\">\r\n                <div class=\"tp-services-box ele-feature-section text-center mb-25 wow fadeInUp elementor-repeater-item-993c39c\" data-wow-delay=\".2s\">\r\n                    <div class=\"tp-services-box__icon mb-40\">\r\n                                                                                    <span class=\"tp-sv-icon ele-feature-icon\">\r\n                                    <i aria-hidden=\"true\" class=\"tp flaticon-bacteria\"><\/i>                                <\/span>\r\n                                                                        <\/div>\r\n                    <div class=\"tp-services-box__content\">\r\n                                                    <h4 class=\"tp-services-box__title mb-30 ele-feature-title\">\r\n                                                                    Microbiologie                                                            <\/h4>\r\n                        \r\n                        \r\n                                                \r\n                    <\/div>\r\n                <\/div>\r\n            <\/div>\r\n                        <div class=\"col-xl-3 col-lg-6 col-md-6 col-12\">\r\n                <div class=\"tp-services-box ele-feature-section text-center mb-25 wow fadeInUp elementor-repeater-item-7763201\" data-wow-delay=\".2s\">\r\n                    <div class=\"tp-services-box__icon mb-40\">\r\n                                                                                    <span class=\"tp-sv-icon ele-feature-icon\">\r\n                                    <i aria-hidden=\"true\" class=\"tp flaticon-biochemistry\"><\/i>                                <\/span>\r\n                                                                        <\/div>\r\n                    <div class=\"tp-services-box__content\">\r\n                                                    <h4 class=\"tp-services-box__title mb-30 ele-feature-title\">\r\n                                                                    Environnement                                                            <\/h4>\r\n                        \r\n                        \r\n                                                \r\n                    <\/div>\r\n                <\/div>\r\n            <\/div>\r\n                        <div class=\"col-xl-3 col-lg-6 col-md-6 col-12\">\r\n                <div class=\"tp-services-box ele-feature-section text-center mb-25 wow fadeInUp elementor-repeater-item-2e1e898\" data-wow-delay=\".2s\">\r\n                    <div class=\"tp-services-box__icon mb-40\">\r\n                                                                                    <span class=\"tp-sv-icon ele-feature-icon\">\r\n                                    <i aria-hidden=\"true\" class=\"tp flaticon-heart\"><\/i>                                <\/span>\r\n                                                                        <\/div>\r\n                    <div class=\"tp-services-box__content\">\r\n                                                    <h4 class=\"tp-services-box__title mb-30 ele-feature-title\">\r\n                                                                    Fluides                                                            <\/h4>\r\n                        \r\n                        \r\n                                                \r\n                    <\/div>\r\n                <\/div>\r\n            <\/div>\r\n                        <div class=\"col-xl-3 col-lg-6 col-md-6 col-12\">\r\n                <div class=\"tp-services-box ele-feature-section text-center mb-25 wow fadeInUp elementor-repeater-item-1ea0208\" data-wow-delay=\".2s\">\r\n                    <div class=\"tp-services-box__icon mb-40\">\r\n                                                                                    <span class=\"tp-sv-icon ele-feature-icon\">\r\n                                    <i aria-hidden=\"true\" class=\"tp flaticon-dna\"><\/i>                                <\/span>\r\n                                                                        <\/div>\r\n                    <div class=\"tp-services-box__content\">\r\n                                                    <h4 class=\"tp-services-box__title mb-30 ele-feature-title\">\r\n                                                                    Biologie                                                            <\/h4>\r\n                        \r\n                        \r\n                                                \r\n                    <\/div>\r\n                <\/div>\r\n            <\/div>\r\n                        <div class=\"col-xl-3 col-lg-6 col-md-6 col-12\">\r\n                <div class=\"tp-services-box ele-feature-section text-center mb-25 wow fadeInUp elementor-repeater-item-0bc9627\" data-wow-delay=\".2s\">\r\n                    <div class=\"tp-services-box__icon mb-40\">\r\n                                                                                    <span class=\"tp-sv-icon ele-feature-icon\">\r\n                                    <i aria-hidden=\"true\" class=\"tp flaticon-dna-1\"><\/i>                                <\/span>\r\n                                                                        <\/div>\r\n                    <div class=\"tp-services-box__content\">\r\n                                                    <h4 class=\"tp-services-box__title mb-30 ele-feature-title\">\r\n                                                                    Sciences de la vie                                                            <\/h4>\r\n                        \r\n                        \r\n                                                \r\n                    <\/div>\r\n                <\/div>\r\n            <\/div>\r\n                        <div class=\"col-xl-3 col-lg-6 col-md-6 col-12\">\r\n                <div class=\"tp-services-box ele-feature-section text-center mb-25 wow fadeInUp elementor-repeater-item-b05f014\" data-wow-delay=\".2s\">\r\n                    <div class=\"tp-services-box__icon mb-40\">\r\n                                                                                    <span class=\"tp-sv-icon ele-feature-icon\">\r\n                                    <i aria-hidden=\"true\" class=\"tp flaticon-ct-scan\"><\/i>                                <\/span>\r\n                                                                        <\/div>\r\n                    <div class=\"tp-services-box__content\">\r\n                                                    <h4 class=\"tp-services-box__title mb-30 ele-feature-title\">\r\n                                                                    La lumi\u00e8re                                                            <\/h4>\r\n                        \r\n                        \r\n                                                \r\n                    <\/div>\r\n                <\/div>\r\n            <\/div>\r\n                    <\/div>\r\n    <\/div>\r\n<\/section>\r\n\r\n\t\t<\/div>\n\t\t\t\t<\/div>\n\t\t\t\t\t<\/div>\n\t\t<\/div>\n\t\t\t\t\t\t\t<\/div>\n\t\t<\/section>\n\t\t\t\t<section class=\"elementor-section elementor-top-section elementor-element elementor-element-4d6717b elementor-section-boxed elementor-section-height-default elementor-section-height-default\" data-id=\"4d6717b\" data-element_type=\"section\">\n\t\t\t\t\t\t<div class=\"elementor-container elementor-column-gap-default\">\n\t\t\t\t\t<div class=\"elementor-column elementor-col-100 elementor-top-column elementor-element elementor-element-ff02762\" data-id=\"ff02762\" data-element_type=\"column\">\n\t\t\t<div class=\"elementor-widget-wrap elementor-element-populated\">\n\t\t\t\t\t\t\t\t<div class=\"elementor-element elementor-element-ceb14af elementor-widget elementor-widget-research\" data-id=\"ceb14af\" data-element_type=\"widget\" data-widget_type=\"research.default\">\n\t\t\t\t<div class=\"elementor-widget-container\">\n\t\t\t\r\n\r\n<section class=\"research-area ele-section\">\r\n    <div class=\"container\">\r\n        <div class=\"row\">\r\n                        <div class=\"tp-section\">\r\n                                <span class=\"tp-section__sub-title left-line mb-20 ele-subtitle\">Quelques exemples<\/span>\r\n                                <h2 class=\"tp-section__title mb-50 ele-title\">D\u00e9couvrez quelques-unes de nos exp\u00e9riences pass\u00e9es<\/h2>                            <\/div>\r\n                    <\/div>\r\n        <div class=\"row\">\r\n                        <div class=\"col-xl-6 col-lg-6 col-md-6 col-12\">\r\n                <div class=\"research-item mb-50 wow fadeInUp\" data-wow-delay=\".2s\">\r\n                <div class=\"research-item__thum fix mb-20\">\r\n                                            <span class=\"tp-sv-icon\">\r\n                                                        <img decoding=\"async\" src=\"https:\/\/indianajos.lu\/wp-content\/uploads\/2023\/04\/indianajostour_jeanyvesferrand.jpg\" alt=\"\">\r\n                                                    <\/span>\r\n                                    <\/div>\r\n                <div class=\"research-item__content\">\r\n                                            <span class=\"ele-feature-cat\">Jean-Yves Ferrand (Luxembourg Institute of Health) <\/span>\r\n                                                            <h4 class=\"research-item__title mb-20 ele-feature-cat ele-feature-title\">\r\n                                                <a href=\"https:\/\/youtu.be\/SQlZ5Hf89FM?t=5\">Analyse du plasma sanguin<\/a>\r\n                                            <\/h4>\r\n                    \r\n                                            <p class=\"ele-feature-content\">Jean-Yves Ferrand (Luxembourg Institute of Health) est un infirmier de recherche et travaille au Centre d\u2019Investigation et d\u2019\u00c9pid\u00e9miologie Clinique (CIEC), une unit\u00e9 sp\u00e9cialis\u00e9e en recherche clinique. Il travaille actuellement pour NCER-PD, une \u00e9tude clinique sur la maladie de Parkinson dont l\u2019objectif est de mieux comprendre cette maladie et de d\u00e9velopper des m\u00e9thodes de diagnostic pr\u00e9coces et des traitements personnalis\u00e9s.<\/p>\r\n                    \r\n                                            <a class=\"research-item__btn ele-button\" target=\"\" rel=\"\" href=\"https:\/\/youtu.be\/SQlZ5Hf89FM?t=5\">\r\n                            <i><\/i>Voir la vid\u00e9o compl\u00e8te                        <\/a> \r\n                                    <\/div>\r\n                <\/div>\r\n            <\/div>\r\n                        <div class=\"col-xl-6 col-lg-6 col-md-6 col-12\">\r\n                <div class=\"research-item mb-50 wow fadeInUp\" data-wow-delay=\".2s\">\r\n                <div class=\"research-item__thum fix mb-20\">\r\n                                            <span class=\"tp-sv-icon\">\r\n                                                        <img decoding=\"async\" src=\"https:\/\/indianajos.lu\/wp-content\/uploads\/2023\/04\/indianajostour_madalle.jpg\" alt=\"\">\r\n                                                    <\/span>\r\n                                    <\/div>\r\n                <div class=\"research-item__content\">\r\n                                            <span class=\"ele-feature-cat\">Marie-Alix Dalle (DESCOM)<\/span>\r\n                                                            <h4 class=\"research-item__title mb-20 ele-feature-cat ele-feature-title\">\r\n                                                <a href=\"https:\/\/www.youtube.com\/watch?v=_byjeRESwxc\">Comment r\u00e9utiliser la chaleur perdue et moins consommer d'eau ?<\/a>\r\n                                            <\/h4>\r\n                    \r\n                                            <p class=\"ele-feature-content\">Marie-Alix Dalle est doctorante PhD \u00e0 l'UNI (DESCOM) pr\u00e9occup\u00e9e par les probl\u00e9matiques environnementales depuis l'enfance et notamment celles li\u00e9es \u00e0 l'eau, elle souhaite mettre ses comp\u00e9tences \u00e0 profit pour aider \u00e0 r\u00e9soudre les d\u00e9fis du d\u00e9veloppement durable et de l'\u00e9conomie circulaire.<\/p>\r\n                    \r\n                                            <a class=\"research-item__btn ele-button\" target=\"\" rel=\"\" href=\"https:\/\/www.youtube.com\/watch?v=_byjeRESwxc\">\r\n                            <i><\/i>Voir la vid\u00e9o compl\u00e8te                        <\/a> \r\n                                    <\/div>\r\n                <\/div>\r\n            <\/div>\r\n                    <\/div>\r\n    <\/div>\r\n    <\/section>\r\n\r\n\r\n\t\t<\/div>\n\t\t\t\t<\/div>\n\t\t\t\t\t<\/div>\n\t\t<\/div>\n\t\t\t\t\t\t\t<\/div>\n\t\t<\/section>\n\t\t\t\t<section class=\"elementor-section elementor-top-section elementor-element elementor-element-c070582 elementor-section-boxed elementor-section-height-default elementor-section-height-default elementor-invisible\" data-id=\"c070582\" data-element_type=\"section\" data-settings=\"{&quot;background_background&quot;:&quot;classic&quot;,&quot;animation&quot;:&quot;bounceInLeft&quot;}\">\n\t\t\t\t\t\t<div class=\"elementor-container elementor-column-gap-default\">\n\t\t\t\t\t<div class=\"elementor-column elementor-col-100 elementor-top-column elementor-element elementor-element-91d4d36\" data-id=\"91d4d36\" data-element_type=\"column\" data-settings=\"{&quot;background_background&quot;:&quot;classic&quot;}\">\n\t\t\t<div class=\"elementor-widget-wrap elementor-element-populated\">\n\t\t\t\t\t\t\t\t<div class=\"elementor-element elementor-element-e984097 elementor-widget elementor-widget-tp-cta\" data-id=\"e984097\" data-element_type=\"widget\" data-widget_type=\"tp-cta.default\">\n\t\t\t\t<div class=\"elementor-widget-container\">\n\t\t\t\r\n\r\n<div class=\"cta-bg ele-section\">\r\n    <div class=\"cta-content ml-90\">\r\n        <h2 class=\"cta-title mb-35 ele-title\">Vous souhaitez recevoir<br> Indiana Jos Tour chez vous ?<\/h2>\r\n                <a href=\"https:\/\/indianajos.lu\/?page_id=874\" target=\"_self\" rel=\"nofollow\" class=\"tp-cta-btn ele-button\">\r\n            <svg width=\"14\" height=\"19\" viewBox=\"0 0 14 19\" fill=\"none\" xmlns=\"http:\/\/www.w3.org\/2000\/svg\"><circle cx=\"2\" cy=\"2\" r=\"2\" fill=\"white\"\/><circle cx=\"7\" cy=\"2\" r=\"2\" fill=\"white\"\/><circle cx=\"12\" cy=\"2\" r=\"2\" fill=\"white\"\/><circle cx=\"12\" cy=\"7\" r=\"2\" fill=\"white\"\/><circle cx=\"12\" cy=\"12\" r=\"2\" fill=\"white\"\/><circle cx=\"7\" cy=\"7\" r=\"2\" fill=\"white\"\/><circle cx=\"7\" cy=\"12\" r=\"2\" fill=\"white\"\/><circle cx=\"7\" cy=\"17\" r=\"2\" fill=\"white\"\/><circle cx=\"2\" cy=\"7\" r=\"2\" fill=\"white\"\/><circle cx=\"2\" cy=\"12\" r=\"2\" fill=\"white\"\/><\/svg>\r\n            <span>Call :<\/span>CONTACTEZ-NOUS<\/a>\r\n            <\/div>\r\n<\/div>\r\n\r\n\t\t<\/div>\n\t\t\t\t<\/div>\n\t\t\t\t\t<\/div>\n\t\t<\/div>\n\t\t\t\t\t\t\t<\/div>\n\t\t<\/section>\n\t\t\t\t\t\t\t<\/div>\n\t\t","protected":false},"excerpt":{"rendered":"<p>Des exp\u00e9riences scientifiques Au coeur m\u00eame de votre structure L&#8217;Indiana Jos Tour vise \u00e0 apporter une \u00e9ducation scientifique de haute qualit\u00e9 dans les institutions d&#8217;\u00e9ducation non formelle telles que les maisons relais. Pour ce faire, des chercheurs, des ing\u00e9nieurs et des p\u00e9dagogues proposent des ateliers qui rendent la recherche scientifique accessible aux enfants. Nos domaines [&hellip;]<\/p>\n","protected":false},"author":1,"featured_media":0,"parent":0,"menu_order":0,"comment_status":"closed","ping_status":"closed","template":"elementor_header_footer","meta":{"footnotes":""},"class_list":["post-780","page","type-page","status-publish","hentry"],"acf":[],"_links":{"self":[{"href":"https:\/\/indianajos.lu\/index.php?rest_route=\/wp\/v2\/pages\/780","targetHints":{"allow":["GET"]}}],"collection":[{"href":"https:\/\/indianajos.lu\/index.php?rest_route=\/wp\/v2\/pages"}],"about":[{"href":"https:\/\/indianajos.lu\/index.php?rest_route=\/wp\/v2\/types\/page"}],"author":[{"embeddable":true,"href":"https:\/\/indianajos.lu\/index.php?rest_route=\/wp\/v2\/users\/1"}],"replies":[{"embeddable":true,"href":"https:\/\/indianajos.lu\/index.php?rest_route=%2Fwp%2Fv2%2Fcomments&post=780"}],"version-history":[{"count":39,"href":"https:\/\/indianajos.lu\/index.php?rest_route=\/wp\/v2\/pages\/780\/revisions"}],"predecessor-version":[{"id":1979,"href":"https:\/\/indianajos.lu\/index.php?rest_route=\/wp\/v2\/pages\/780\/revisions\/1979"}],"wp:attachment":[{"href":"https:\/\/indianajos.lu\/index.php?rest_route=%2Fwp%2Fv2%2Fmedia&parent=780"}],"curies":[{"name":"wp","href":"https:\/\/api.w.org\/{rel}","templated":true}]}}