{"id":2079,"date":"2023-08-07T08:04:45","date_gmt":"2023-08-07T08:04:45","guid":{"rendered":"https:\/\/indianajos.lu\/?page_id=2079"},"modified":"2023-08-07T10:22:34","modified_gmt":"2023-08-07T10:22:34","slug":"indiana-jos-tour-de","status":"publish","type":"page","link":"https:\/\/indianajos.lu\/?page_id=2079","title":{"rendered":"Indiana Jos Tour"},"content":{"rendered":"\t\t<div data-elementor-type=\"wp-page\" data-elementor-id=\"2079\" class=\"elementor elementor-2079\">\n\t\t\t\t\t\t\t\t\t<section class=\"elementor-section elementor-top-section elementor-element elementor-element-e9a05bf elementor-section-full_width elementor-section-height-default elementor-section-height-default\" data-id=\"e9a05bf\" data-element_type=\"section\" data-settings=\"{&quot;background_background&quot;:&quot;classic&quot;}\">\n\t\t\t\t\t\t<div class=\"elementor-container elementor-column-gap-no\">\n\t\t\t\t\t<div class=\"elementor-column elementor-col-100 elementor-top-column elementor-element elementor-element-1b4e3af\" data-id=\"1b4e3af\" data-element_type=\"column\">\n\t\t\t<div class=\"elementor-widget-wrap elementor-element-populated\">\n\t\t\t\t\t\t\t\t<div class=\"elementor-element elementor-element-9a61d8d elementor-widget elementor-widget-services\" data-id=\"9a61d8d\" data-element_type=\"widget\" data-widget_type=\"services.default\">\n\t\t\t\t<div class=\"elementor-widget-container\">\n\t\t\t\r\n\r\n<section class=\"services-area ele-section\" >\r\n    <div class=\"container\">\r\n        <div class=\"row align-items-end  mb-45\">\r\n            <div class=\"col-lg-5 col-md-12 col-12\">\r\n                                    <div class=\"tp-section\">\r\n                                                <span class=\"tp-section__sub-title left-line mb-20 ele-subtitle\">WISSENSCHAFTLICHE EXPERIMENTE<\/span>\r\n                                                <h2 class=\"tp-section__title mb-30 ele-title\">Mitten in Ihrer Einrichtung<\/h2>                                                        <p class=\"ele-content\">Die Indiana Jos Tour zielt darauf ab, eine qualitativ hochwertige naturwissenschaftliche Bildung in informellen Bildungseinrichtungen wie Kindertagesst\u00e4tten zu bieten.<br>\nDazu bieten Forscher, Ingenieure und P\u00e4dagogen Workshops an, die es Kindern erm\u00f6glichen, wissenschaftliche Forschung zug\u00e4nglich zu machen.\n<br><br>\n\n<b>Unsere Einsatzbereiche sind vielf\u00e4ltig und umfassen unter anderem:<\/b><\/p>\r\n                                            <\/div>\r\n                            <\/div>\r\n            <div class=\"col-lg-7 col-md-12 col-12\">\r\n                            <\/div>\r\n        <\/div>\r\n        <div class=\"row\">\r\n                        <div class=\"col-xl-3 col-lg-6 col-md-6 col-12\">\r\n                <div class=\"tp-services-box ele-feature-section text-center mb-25 wow fadeInUp elementor-repeater-item-b0d8513\" data-wow-delay=\".2s\">\r\n                    <div class=\"tp-services-box__icon mb-40\">\r\n                                                                                    <span class=\"tp-sv-icon ele-feature-icon\">\r\n                                    <i aria-hidden=\"true\" class=\"fas fa-tools\"><\/i>                                <\/span>\r\n                                                                        <\/div>\r\n                    <div class=\"tp-services-box__content\">\r\n                                                    <h4 class=\"tp-services-box__title mb-30 ele-feature-title\">\r\n                                                                    Technik                                                            <\/h4>\r\n                        \r\n                        \r\n                                                \r\n                    <\/div>\r\n                <\/div>\r\n            <\/div>\r\n                        <div class=\"col-xl-3 col-lg-6 col-md-6 col-12\">\r\n                <div class=\"tp-services-box ele-feature-section text-center mb-25 wow fadeInUp elementor-repeater-item-e679bcc\" data-wow-delay=\".2s\">\r\n                    <div class=\"tp-services-box__icon mb-40\">\r\n                                                                                    <span class=\"tp-sv-icon ele-feature-icon\">\r\n                                    <i aria-hidden=\"true\" class=\"tp flaticon-blood-test\"><\/i>                                <\/span>\r\n                                                                        <\/div>\r\n                    <div class=\"tp-services-box__content\">\r\n                                                    <h4 class=\"tp-services-box__title mb-30 ele-feature-title\">\r\n                                                                    Chemie                                                            <\/h4>\r\n                        \r\n                        \r\n                                                \r\n                    <\/div>\r\n                <\/div>\r\n            <\/div>\r\n                        <div class=\"col-xl-3 col-lg-6 col-md-6 col-12\">\r\n                <div class=\"tp-services-box ele-feature-section text-center mb-25 wow fadeInUp elementor-repeater-item-993c39c\" data-wow-delay=\".2s\">\r\n                    <div class=\"tp-services-box__icon mb-40\">\r\n                                                                                    <span class=\"tp-sv-icon ele-feature-icon\">\r\n                                    <i aria-hidden=\"true\" class=\"tp flaticon-bacteria\"><\/i>                                <\/span>\r\n                                                                        <\/div>\r\n                    <div class=\"tp-services-box__content\">\r\n                                                    <h4 class=\"tp-services-box__title mb-30 ele-feature-title\">\r\n                                                                    Mikrobiologie                                                            <\/h4>\r\n                        \r\n                        \r\n                                                \r\n                    <\/div>\r\n                <\/div>\r\n            <\/div>\r\n                        <div class=\"col-xl-3 col-lg-6 col-md-6 col-12\">\r\n                <div class=\"tp-services-box ele-feature-section text-center mb-25 wow fadeInUp elementor-repeater-item-7763201\" data-wow-delay=\".2s\">\r\n                    <div class=\"tp-services-box__icon mb-40\">\r\n                                                                                    <span class=\"tp-sv-icon ele-feature-icon\">\r\n                                    <i aria-hidden=\"true\" class=\"tp flaticon-biochemistry\"><\/i>                                <\/span>\r\n                                                                        <\/div>\r\n                    <div class=\"tp-services-box__content\">\r\n                                                    <h4 class=\"tp-services-box__title mb-30 ele-feature-title\">\r\n                                                                    Umwelt                                                            <\/h4>\r\n                        \r\n                        \r\n                                                \r\n                    <\/div>\r\n                <\/div>\r\n            <\/div>\r\n                        <div class=\"col-xl-3 col-lg-6 col-md-6 col-12\">\r\n                <div class=\"tp-services-box ele-feature-section text-center mb-25 wow fadeInUp elementor-repeater-item-2e1e898\" data-wow-delay=\".2s\">\r\n                    <div class=\"tp-services-box__icon mb-40\">\r\n                                                                                    <span class=\"tp-sv-icon ele-feature-icon\">\r\n                                    <i aria-hidden=\"true\" class=\"tp flaticon-heart\"><\/i>                                <\/span>\r\n                                                                        <\/div>\r\n                    <div class=\"tp-services-box__content\">\r\n                                                    <h4 class=\"tp-services-box__title mb-30 ele-feature-title\">\r\n                                                                    Fl\u00fcssigkeiten                                                            <\/h4>\r\n                        \r\n                        \r\n                                                \r\n                    <\/div>\r\n                <\/div>\r\n            <\/div>\r\n                        <div class=\"col-xl-3 col-lg-6 col-md-6 col-12\">\r\n                <div class=\"tp-services-box ele-feature-section text-center mb-25 wow fadeInUp elementor-repeater-item-1ea0208\" data-wow-delay=\".2s\">\r\n                    <div class=\"tp-services-box__icon mb-40\">\r\n                                                                                    <span class=\"tp-sv-icon ele-feature-icon\">\r\n                                    <i aria-hidden=\"true\" class=\"tp flaticon-dna\"><\/i>                                <\/span>\r\n                                                                        <\/div>\r\n                    <div class=\"tp-services-box__content\">\r\n                                                    <h4 class=\"tp-services-box__title mb-30 ele-feature-title\">\r\n                                                                    Biologie                                                            <\/h4>\r\n                        \r\n                        \r\n                                                \r\n                    <\/div>\r\n                <\/div>\r\n            <\/div>\r\n                        <div class=\"col-xl-3 col-lg-6 col-md-6 col-12\">\r\n                <div class=\"tp-services-box ele-feature-section text-center mb-25 wow fadeInUp elementor-repeater-item-0bc9627\" data-wow-delay=\".2s\">\r\n                    <div class=\"tp-services-box__icon mb-40\">\r\n                                                                                    <span class=\"tp-sv-icon ele-feature-icon\">\r\n                                    <i aria-hidden=\"true\" class=\"tp flaticon-dna-1\"><\/i>                                <\/span>\r\n                                                                        <\/div>\r\n                    <div class=\"tp-services-box__content\">\r\n                                                    <h4 class=\"tp-services-box__title mb-30 ele-feature-title\">\r\n                                                                    Biowissenschaften                                                            <\/h4>\r\n                        \r\n                        \r\n                                                \r\n                    <\/div>\r\n                <\/div>\r\n            <\/div>\r\n                        <div class=\"col-xl-3 col-lg-6 col-md-6 col-12\">\r\n                <div class=\"tp-services-box ele-feature-section text-center mb-25 wow fadeInUp elementor-repeater-item-b05f014\" data-wow-delay=\".2s\">\r\n                    <div class=\"tp-services-box__icon mb-40\">\r\n                                                                                    <span class=\"tp-sv-icon ele-feature-icon\">\r\n                                    <i aria-hidden=\"true\" class=\"tp flaticon-ct-scan\"><\/i>                                <\/span>\r\n                                                                        <\/div>\r\n                    <div class=\"tp-services-box__content\">\r\n                                                    <h4 class=\"tp-services-box__title mb-30 ele-feature-title\">\r\n                                                                    Licht                                                            <\/h4>\r\n                        \r\n                        \r\n                                                \r\n                    <\/div>\r\n                <\/div>\r\n            <\/div>\r\n                    <\/div>\r\n    <\/div>\r\n<\/section>\r\n\r\n\t\t<\/div>\n\t\t\t\t<\/div>\n\t\t\t\t\t<\/div>\n\t\t<\/div>\n\t\t\t\t\t\t\t<\/div>\n\t\t<\/section>\n\t\t\t\t<section class=\"elementor-section elementor-top-section elementor-element elementor-element-4d6717b elementor-section-boxed elementor-section-height-default elementor-section-height-default\" data-id=\"4d6717b\" data-element_type=\"section\">\n\t\t\t\t\t\t<div class=\"elementor-container elementor-column-gap-default\">\n\t\t\t\t\t<div class=\"elementor-column elementor-col-100 elementor-top-column elementor-element elementor-element-ff02762\" data-id=\"ff02762\" data-element_type=\"column\">\n\t\t\t<div class=\"elementor-widget-wrap elementor-element-populated\">\n\t\t\t\t\t\t\t\t<div class=\"elementor-element elementor-element-ceb14af elementor-widget elementor-widget-research\" data-id=\"ceb14af\" data-element_type=\"widget\" data-widget_type=\"research.default\">\n\t\t\t\t<div class=\"elementor-widget-container\">\n\t\t\t\r\n\r\n<section class=\"research-area ele-section\">\r\n    <div class=\"container\">\r\n        <div class=\"row\">\r\n                        <div class=\"tp-section\">\r\n                                <span class=\"tp-section__sub-title left-line mb-20 ele-subtitle\">EINIGE BEISPIELE<\/span>\r\n                                <h2 class=\"tp-section__title mb-50 ele-title\">Entdecken Sie einige unserer vergangenen Experimente<\/h2>                            <\/div>\r\n                    <\/div>\r\n        <div class=\"row\">\r\n                        <div class=\"col-xl-6 col-lg-6 col-md-6 col-12\">\r\n                <div class=\"research-item mb-50 wow fadeInUp\" data-wow-delay=\".2s\">\r\n                <div class=\"research-item__thum fix mb-20\">\r\n                                            <span class=\"tp-sv-icon\">\r\n                                                        <img decoding=\"async\" src=\"https:\/\/indianajos.lu\/wp-content\/uploads\/2023\/04\/indianajostour_jeanyvesferrand.jpg\" alt=\"\">\r\n                                                    <\/span>\r\n                                    <\/div>\r\n                <div class=\"research-item__content\">\r\n                                            <span class=\"ele-feature-cat\">Jean-Yves Ferrand (Luxembourg Institute of Health) <\/span>\r\n                                                            <h4 class=\"research-item__title mb-20 ele-feature-cat ele-feature-title\">\r\n                                                <a href=\"https:\/\/youtu.be\/SQlZ5Hf89FM?t=5\">Blutplasma-Analyse<\/a>\r\n                                            <\/h4>\r\n                    \r\n                                            <p class=\"ele-feature-content\">Jean-Yves Ferrand (Luxembourg Institute of Health) ist ein Forschungspfleger und arbeitet am Centre d'Investigation et d'\u00c9pid\u00e9miologie Clinique (CIEC), einer auf klinische Forschung spezialisierten Einheit. Derzeit arbeitet er an NCER-PD, einer klinischen Studie zur Parkinson-Krankheit, deren Ziel es ist, diese Krankheit besser zu verstehen und Fr\u00fchdiagnosemethoden sowie ma\u00dfgeschneiderte Behandlungen zu entwickeln.<\/p>\r\n                    \r\n                                            <a class=\"research-item__btn ele-button\" target=\"\" rel=\"\" href=\"https:\/\/youtu.be\/SQlZ5Hf89FM?t=5\">\r\n                            <i><\/i>VOLLST\u00c4NDIGES VIDEO ANSEHEN                        <\/a> \r\n                                    <\/div>\r\n                <\/div>\r\n            <\/div>\r\n                        <div class=\"col-xl-6 col-lg-6 col-md-6 col-12\">\r\n                <div class=\"research-item mb-50 wow fadeInUp\" data-wow-delay=\".2s\">\r\n                <div class=\"research-item__thum fix mb-20\">\r\n                                            <span class=\"tp-sv-icon\">\r\n                                                        <img decoding=\"async\" src=\"https:\/\/indianajos.lu\/wp-content\/uploads\/2023\/04\/indianajostour_madalle.jpg\" alt=\"\">\r\n                                                    <\/span>\r\n                                    <\/div>\r\n                <div class=\"research-item__content\">\r\n                                            <span class=\"ele-feature-cat\">Marie-Alix Dalle (DESCOM)<\/span>\r\n                                                            <h4 class=\"research-item__title mb-20 ele-feature-cat ele-feature-title\">\r\n                                                <a href=\"https:\/\/www.youtube.com\/watch?v=_byjeRESwxc\">Wie man Abw\u00e4rme wiederverwendet und weniger Wasser verbraucht<\/a>\r\n                                            <\/h4>\r\n                    \r\n                                            <p class=\"ele-feature-content\">Marie-Alix Dalle ist Doktorandin an der UNI (DESCOM) und besch\u00e4ftigt sich seit ihrer Kindheit mit Umweltfragen, insbesondere solchen, die mit Wasser zusammenh\u00e4ngen. Sie m\u00f6chte ihre F\u00e4higkeiten einsetzen, um bei der Bew\u00e4ltigung der Herausforderungen der nachhaltigen Entwicklung und der Kreislaufwirtschaft zu helfen.<\/p>\r\n                    \r\n                                            <a class=\"research-item__btn ele-button\" target=\"\" rel=\"\" href=\"https:\/\/www.youtube.com\/watch?v=_byjeRESwxc\">\r\n                            <i><\/i>VOLLST\u00c4NDIGES VIDEO ANSEHEN                        <\/a> \r\n                                    <\/div>\r\n                <\/div>\r\n            <\/div>\r\n                    <\/div>\r\n    <\/div>\r\n    <\/section>\r\n\r\n\r\n\t\t<\/div>\n\t\t\t\t<\/div>\n\t\t\t\t\t<\/div>\n\t\t<\/div>\n\t\t\t\t\t\t\t<\/div>\n\t\t<\/section>\n\t\t\t\t<section class=\"elementor-section elementor-top-section elementor-element elementor-element-c070582 elementor-section-boxed elementor-section-height-default elementor-section-height-default elementor-invisible\" data-id=\"c070582\" data-element_type=\"section\" data-settings=\"{&quot;background_background&quot;:&quot;classic&quot;,&quot;animation&quot;:&quot;bounceInLeft&quot;}\">\n\t\t\t\t\t\t<div class=\"elementor-container elementor-column-gap-default\">\n\t\t\t\t\t<div class=\"elementor-column elementor-col-100 elementor-top-column elementor-element elementor-element-91d4d36\" data-id=\"91d4d36\" data-element_type=\"column\" data-settings=\"{&quot;background_background&quot;:&quot;classic&quot;}\">\n\t\t\t<div class=\"elementor-widget-wrap elementor-element-populated\">\n\t\t\t\t\t\t\t\t<div class=\"elementor-element elementor-element-e984097 elementor-widget elementor-widget-tp-cta\" data-id=\"e984097\" data-element_type=\"widget\" data-widget_type=\"tp-cta.default\">\n\t\t\t\t<div class=\"elementor-widget-container\">\n\t\t\t\r\n\r\n<div class=\"cta-bg ele-section\">\r\n    <div class=\"cta-content ml-90\">\r\n        <h2 class=\"cta-title mb-35 ele-title\">M\u00f6chten Sie das Indiana Jos Team buchen?<\/h2>\r\n                <a href=\"https:\/\/indianajos.lu\/?page_id=2068\" target=\"_self\" rel=\"nofollow\" class=\"tp-cta-btn ele-button\">\r\n            <svg width=\"14\" height=\"19\" viewBox=\"0 0 14 19\" fill=\"none\" xmlns=\"http:\/\/www.w3.org\/2000\/svg\"><circle cx=\"2\" cy=\"2\" r=\"2\" fill=\"white\"\/><circle cx=\"7\" cy=\"2\" r=\"2\" fill=\"white\"\/><circle cx=\"12\" cy=\"2\" r=\"2\" fill=\"white\"\/><circle cx=\"12\" cy=\"7\" r=\"2\" fill=\"white\"\/><circle cx=\"12\" cy=\"12\" r=\"2\" fill=\"white\"\/><circle cx=\"7\" cy=\"7\" r=\"2\" fill=\"white\"\/><circle cx=\"7\" cy=\"12\" r=\"2\" fill=\"white\"\/><circle cx=\"7\" cy=\"17\" r=\"2\" fill=\"white\"\/><circle cx=\"2\" cy=\"7\" r=\"2\" fill=\"white\"\/><circle cx=\"2\" cy=\"12\" r=\"2\" fill=\"white\"\/><\/svg>\r\n            <span>Call :<\/span>KONTAKTIEREN SIE UNS<\/a>\r\n            <\/div>\r\n<\/div>\r\n\r\n\t\t<\/div>\n\t\t\t\t<\/div>\n\t\t\t\t\t<\/div>\n\t\t<\/div>\n\t\t\t\t\t\t\t<\/div>\n\t\t<\/section>\n\t\t\t\t\t\t\t<\/div>\n\t\t","protected":false},"excerpt":{"rendered":"<p>WISSENSCHAFTLICHE EXPERIMENTE Mitten in Ihrer Einrichtung Die Indiana Jos Tour zielt darauf ab, eine qualitativ hochwertige naturwissenschaftliche Bildung in informellen Bildungseinrichtungen wie Kindertagesst\u00e4tten zu bieten. Dazu bieten Forscher, Ingenieure und P\u00e4dagogen Workshops an, die es Kindern erm\u00f6glichen, wissenschaftliche Forschung zug\u00e4nglich zu machen. Unsere Einsatzbereiche sind vielf\u00e4ltig und umfassen unter anderem: Technik Chemie Mikrobiologie Umwelt Fl\u00fcssigkeiten [&hellip;]<\/p>\n","protected":false},"author":1,"featured_media":0,"parent":0,"menu_order":0,"comment_status":"closed","ping_status":"closed","template":"elementor_header_footer","meta":{"footnotes":""},"class_list":["post-2079","page","type-page","status-publish","hentry"],"acf":[],"_links":{"self":[{"href":"https:\/\/indianajos.lu\/index.php?rest_route=\/wp\/v2\/pages\/2079","targetHints":{"allow":["GET"]}}],"collection":[{"href":"https:\/\/indianajos.lu\/index.php?rest_route=\/wp\/v2\/pages"}],"about":[{"href":"https:\/\/indianajos.lu\/index.php?rest_route=\/wp\/v2\/types\/page"}],"author":[{"embeddable":true,"href":"https:\/\/indianajos.lu\/index.php?rest_route=\/wp\/v2\/users\/1"}],"replies":[{"embeddable":true,"href":"https:\/\/indianajos.lu\/index.php?rest_route=%2Fwp%2Fv2%2Fcomments&post=2079"}],"version-history":[{"count":16,"href":"https:\/\/indianajos.lu\/index.php?rest_route=\/wp\/v2\/pages\/2079\/revisions"}],"predecessor-version":[{"id":2161,"href":"https:\/\/indianajos.lu\/index.php?rest_route=\/wp\/v2\/pages\/2079\/revisions\/2161"}],"wp:attachment":[{"href":"https:\/\/indianajos.lu\/index.php?rest_route=%2Fwp%2Fv2%2Fmedia&parent=2079"}],"curies":[{"name":"wp","href":"https:\/\/api.w.org\/{rel}","templated":true}]}}