{"id":2073,"date":"2023-08-07T07:59:27","date_gmt":"2023-08-07T07:59:27","guid":{"rendered":"https:\/\/indianajos.lu\/?page_id=2073"},"modified":"2023-08-07T09:36:54","modified_gmt":"2023-08-07T09:36:54","slug":"faq-de","status":"publish","type":"page","link":"https:\/\/indianajos.lu\/?page_id=2073","title":{"rendered":"Faq"},"content":{"rendered":"\t\t<div data-elementor-type=\"wp-page\" data-elementor-id=\"2073\" class=\"elementor elementor-2073\">\n\t\t\t\t\t\t\t\t\t<section class=\"elementor-section elementor-top-section elementor-element elementor-element-0a6110c elementor-section-boxed elementor-section-height-default elementor-section-height-default\" data-id=\"0a6110c\" data-element_type=\"section\">\n\t\t\t\t\t\t<div class=\"elementor-container elementor-column-gap-default\">\n\t\t\t\t\t<div class=\"elementor-column elementor-col-100 elementor-top-column elementor-element elementor-element-463403e\" data-id=\"463403e\" data-element_type=\"column\">\n\t\t\t<div class=\"elementor-widget-wrap elementor-element-populated\">\n\t\t\t\t\t\t\t\t<div class=\"elementor-element elementor-element-9a06c0d elementor-widget elementor-widget-tp-heading\" data-id=\"9a06c0d\" data-element_type=\"widget\" data-widget_type=\"tp-heading.default\">\n\t\t\t\t<div class=\"elementor-widget-container\">\n\t\t\t\r\n\t\t\r\n                    <div class=\"tp-section\">\r\n                                <span class=\"tp-section__sub-title left-line right-line mb-25 tp-el-subtitle\">\r\n                    FAQ                <\/span>\r\n                                <h2 class=\"tp-section__title tp-el-title mb-70\">Fragen &amp; Antworten<\/h2>                            <\/div>\r\n        \r\n        \r\n        \t\t<\/div>\n\t\t\t\t<\/div>\n\t\t\t\t<div class=\"elementor-element elementor-element-abd69bc elementor-widget elementor-widget-tp-faq\" data-id=\"abd69bc\" data-element_type=\"widget\" data-widget_type=\"tp-faq.default\">\n\t\t\t\t<div class=\"elementor-widget-container\">\n\t\t\t\r\n\r\n\r\n<div class=\"faq-accordion ele-section\">\r\n\t<div class=\"accordion\" id=\"accordionExample\">\r\n\t\t\t\t<div class=\"accordion-items\">\r\n\t\t\t\t<h2 class=\"accordion-header\" id=\"headingOne-0\">\r\n\t\t\t\t<button class=\"accordion-button tp-el-title \" type=\"button\" data-bs-toggle=\"collapse\" data-bs-target=\"#collapseOne-0\" aria-expanded=\"true\" aria-controls=\"collapseOne-0\">Was ist das Ziel von Indiana Jos?<\/button>\r\n\t\t\t\t<\/h2>\r\n\t\t\t\t<div id=\"collapseOne-0\" class=\"accordion-collapse collapse show\" aria-labelledby=\"headingOne-0\" data-bs-parent=\"#accordionExample\">\r\n\t\t\t\t<div class=\"accordion-content\">\r\n\t\t\t\t\t<p class=\"tp-el-desc\">Das Ziel dieses Projekts ist es, naturwissenschaftliche und technische Bildung in der informellen Bildung in Luxemburg zu f\u00f6rdern.<\/p>\r\n\t\t\t\t<\/div>\r\n\t\t\t\t<\/div>\r\n\t\t<\/div>\r\n\t\t\t\t<div class=\"accordion-items\">\r\n\t\t\t\t<h2 class=\"accordion-header\" id=\"headingOne-1\">\r\n\t\t\t\t<button class=\"accordion-button tp-el-title collapsed\" type=\"button\" data-bs-toggle=\"collapse\" data-bs-target=\"#collapseOne-1\" aria-expanded=\"true\" aria-controls=\"collapseOne-1\">Wer steckt hinter diesem Projekt?<\/button>\r\n\t\t\t\t<\/h2>\r\n\t\t\t\t<div id=\"collapseOne-1\" class=\"accordion-collapse collapse \" aria-labelledby=\"headingOne-1\" data-bs-parent=\"#accordionExample\">\r\n\t\t\t\t<div class=\"accordion-content\">\r\n\t\t\t\t\t<p class=\"tp-el-desc\">Dieses Projekt wird von P\u00e4dagogen von Elisabeth Enfance entwickelt und vom Nationalen Forschungsfonds unterst\u00fctzt.<\/p>\r\n\t\t\t\t<\/div>\r\n\t\t\t\t<\/div>\r\n\t\t<\/div>\r\n\t\t\t\t<div class=\"accordion-items\">\r\n\t\t\t\t<h2 class=\"accordion-header\" id=\"headingOne-2\">\r\n\t\t\t\t<button class=\"accordion-button tp-el-title collapsed\" type=\"button\" data-bs-toggle=\"collapse\" data-bs-target=\"#collapseOne-2\" aria-expanded=\"true\" aria-controls=\"collapseOne-2\">Wer ist die Zielgruppe?<\/button>\r\n\t\t\t\t<\/h2>\r\n\t\t\t\t<div id=\"collapseOne-2\" class=\"accordion-collapse collapse \" aria-labelledby=\"headingOne-2\" data-bs-parent=\"#accordionExample\">\r\n\t\t\t\t<div class=\"accordion-content\">\r\n\t\t\t\t\t<p class=\"tp-el-desc\">Die Zielgruppe dieses Projekts sind Kinder, P\u00e4dagogen und Studierende, die sich f\u00fcr naturwissenschaftliche und technische Bildung interessieren.<\/p>\r\n\t\t\t\t<\/div>\r\n\t\t\t\t<\/div>\r\n\t\t<\/div>\r\n\t\t\t\t<div class=\"accordion-items\">\r\n\t\t\t\t<h2 class=\"accordion-header\" id=\"headingOne-3\">\r\n\t\t\t\t<button class=\"accordion-button tp-el-title collapsed\" type=\"button\" data-bs-toggle=\"collapse\" data-bs-target=\"#collapseOne-3\" aria-expanded=\"true\" aria-controls=\"collapseOne-3\">Welche Art von Unterricht oder Ressourcen werden f\u00fcr informelle Bildungseinrichtungen zur Verf\u00fcgung gestellt?<\/button>\r\n\t\t\t\t<\/h2>\r\n\t\t\t\t<div id=\"collapseOne-3\" class=\"accordion-collapse collapse \" aria-labelledby=\"headingOne-3\" data-bs-parent=\"#accordionExample\">\r\n\t\t\t\t<div class=\"accordion-content\">\r\n\t\t\t\t\t<p class=\"tp-el-desc\">Die Ressourcen umfassen Schulungen, Workshops f\u00fcr Kinder und Veranstaltungen, bei denen man Wissenschaftler treffen kann.<\/p>\r\n\t\t\t\t<\/div>\r\n\t\t\t\t<\/div>\r\n\t\t<\/div>\r\n\t\t\t\t<div class=\"accordion-items\">\r\n\t\t\t\t<h2 class=\"accordion-header\" id=\"headingOne-4\">\r\n\t\t\t\t<button class=\"accordion-button tp-el-title collapsed\" type=\"button\" data-bs-toggle=\"collapse\" data-bs-target=\"#collapseOne-4\" aria-expanded=\"true\" aria-controls=\"collapseOne-4\">Wie organisiert man eine Veranstaltung mit Indiana Jos?<\/button>\r\n\t\t\t\t<\/h2>\r\n\t\t\t\t<div id=\"collapseOne-4\" class=\"accordion-collapse collapse \" aria-labelledby=\"headingOne-4\" data-bs-parent=\"#accordionExample\">\r\n\t\t\t\t<div class=\"accordion-content\">\r\n\t\t\t\t\t<p class=\"tp-el-desc\">Wenn Sie daran interessiert sind, dass das Indiana Jos Team in Ihre Einrichtung kommt, kontaktieren Sie uns am einfachsten \u00fcber die Seite \u201eKontakt\u201c.<\/p>\r\n\t\t\t\t<\/div>\r\n\t\t\t\t<\/div>\r\n\t\t<\/div>\r\n\t\t  \r\n\t<\/div>\r\n<\/div>\r\n\r\n\t\t<\/div>\n\t\t\t\t<\/div>\n\t\t\t\t\t<\/div>\n\t\t<\/div>\n\t\t\t\t\t\t\t<\/div>\n\t\t<\/section>\n\t\t\t\t<section class=\"elementor-section elementor-top-section elementor-element elementor-element-009c029 elementor-section-boxed elementor-section-height-default elementor-section-height-default elementor-invisible\" data-id=\"009c029\" data-element_type=\"section\" data-settings=\"{&quot;background_background&quot;:&quot;classic&quot;,&quot;animation&quot;:&quot;bounceInLeft&quot;}\">\n\t\t\t\t\t\t<div class=\"elementor-container elementor-column-gap-default\">\n\t\t\t\t\t<div class=\"elementor-column elementor-col-100 elementor-top-column elementor-element elementor-element-e9d6ab3\" data-id=\"e9d6ab3\" data-element_type=\"column\" data-settings=\"{&quot;background_background&quot;:&quot;classic&quot;}\">\n\t\t\t<div class=\"elementor-widget-wrap elementor-element-populated\">\n\t\t\t\t\t\t\t\t<div class=\"elementor-element elementor-element-e8c53e0 elementor-widget elementor-widget-tp-cta\" data-id=\"e8c53e0\" data-element_type=\"widget\" data-widget_type=\"tp-cta.default\">\n\t\t\t\t<div class=\"elementor-widget-container\">\n\t\t\t\r\n\r\n<div class=\"cta-bg ele-section\">\r\n    <div class=\"cta-content ml-90\">\r\n        <h2 class=\"cta-title mb-35 ele-title\">M\u00f6chten Sie uns eine Frage stellen?<\/h2>\r\n                <a href=\"https:\/\/indianajos.lu\/?page_id=2068\" target=\"_self\" rel=\"nofollow\" class=\"tp-cta-btn ele-button\">\r\n            <svg width=\"14\" height=\"19\" viewBox=\"0 0 14 19\" fill=\"none\" xmlns=\"http:\/\/www.w3.org\/2000\/svg\"><circle cx=\"2\" cy=\"2\" r=\"2\" fill=\"white\"\/><circle cx=\"7\" cy=\"2\" r=\"2\" fill=\"white\"\/><circle cx=\"12\" cy=\"2\" r=\"2\" fill=\"white\"\/><circle cx=\"12\" cy=\"7\" r=\"2\" fill=\"white\"\/><circle cx=\"12\" cy=\"12\" r=\"2\" fill=\"white\"\/><circle cx=\"7\" cy=\"7\" r=\"2\" fill=\"white\"\/><circle cx=\"7\" cy=\"12\" r=\"2\" fill=\"white\"\/><circle cx=\"7\" cy=\"17\" r=\"2\" fill=\"white\"\/><circle cx=\"2\" cy=\"7\" r=\"2\" fill=\"white\"\/><circle cx=\"2\" cy=\"12\" r=\"2\" fill=\"white\"\/><\/svg>\r\n            <span>Call :<\/span>KONTAKTIEREN SIE UNS<\/a>\r\n            <\/div>\r\n<\/div>\r\n\r\n\t\t<\/div>\n\t\t\t\t<\/div>\n\t\t\t\t\t<\/div>\n\t\t<\/div>\n\t\t\t\t\t\t\t<\/div>\n\t\t<\/section>\n\t\t\t\t\t\t\t<\/div>\n\t\t","protected":false},"excerpt":{"rendered":"<p>FAQ Fragen &amp; Antworten Was ist das Ziel von Indiana Jos? Das Ziel dieses Projekts ist es, naturwissenschaftliche und technische Bildung in der informellen Bildung in Luxemburg zu f\u00f6rdern. Wer steckt hinter diesem Projekt? Dieses Projekt wird von P\u00e4dagogen von Elisabeth Enfance entwickelt und vom Nationalen Forschungsfonds unterst\u00fctzt. Wer ist die Zielgruppe? Die Zielgruppe dieses [&hellip;]<\/p>\n","protected":false},"author":1,"featured_media":0,"parent":0,"menu_order":0,"comment_status":"closed","ping_status":"closed","template":"elementor_header_footer","meta":{"footnotes":""},"class_list":["post-2073","page","type-page","status-publish","hentry"],"acf":[],"_links":{"self":[{"href":"https:\/\/indianajos.lu\/index.php?rest_route=\/wp\/v2\/pages\/2073","targetHints":{"allow":["GET"]}}],"collection":[{"href":"https:\/\/indianajos.lu\/index.php?rest_route=\/wp\/v2\/pages"}],"about":[{"href":"https:\/\/indianajos.lu\/index.php?rest_route=\/wp\/v2\/types\/page"}],"author":[{"embeddable":true,"href":"https:\/\/indianajos.lu\/index.php?rest_route=\/wp\/v2\/users\/1"}],"replies":[{"embeddable":true,"href":"https:\/\/indianajos.lu\/index.php?rest_route=%2Fwp%2Fv2%2Fcomments&post=2073"}],"version-history":[{"count":7,"href":"https:\/\/indianajos.lu\/index.php?rest_route=\/wp\/v2\/pages\/2073\/revisions"}],"predecessor-version":[{"id":2128,"href":"https:\/\/indianajos.lu\/index.php?rest_route=\/wp\/v2\/pages\/2073\/revisions\/2128"}],"wp:attachment":[{"href":"https:\/\/indianajos.lu\/index.php?rest_route=%2Fwp%2Fv2%2Fmedia&parent=2073"}],"curies":[{"name":"wp","href":"https:\/\/api.w.org\/{rel}","templated":true}]}}